{"id":16536,"date":"2020-10-06T09:38:00","date_gmt":"2020-10-06T09:38:00","guid":{"rendered":"https:\/\/static.weekdone.com\/home\/prices"},"modified":"2021-04-14T11:17:48","modified_gmt":"2021-04-14T11:17:48","slug":"preise","status":"publish","type":"page","link":"https:\/\/static.weekdone.com\/home\/de\/preise","title":{"rendered":"Preise"},"content":{"rendered":"\n<p class=\"has-text-align-center has-large-font-size\">Wie viele Personen arbeiten in Ihrem Unternehmen?<\/p>\n\n\n\n<script src=\"\/prices-js?lang=de\"><\/script>\n\n\n\n<form method=\"post\" id=\"prices\">\n<fieldset class=\"form-horizontal\">\n<legend class=\"center\"><span class=\"control-label\">Wie viele Personen arbeiten in Ihrem Unternehmen? <\/span> Personen \n<div class=\"labels\">\n<label><input type=\"radio\" name=\"period\" value=\"year_\" class=\"checkbox period_select\" checked=\"\" id=\"year_\"> <span>J\u00e4hrlich<\/span><\/label>\n<label><input type=\"radio\" name=\"period\" value=\"\" class=\"checkbox period_select\"> <span>Monatlich<\/span><\/label>\n<\/div><\/legend>\n<div class=\"control-group\">\n<div class=\"controls\">\n<div class=\"range-steps\"><\/div>\n<input type=\"range\" min=\"1\" max=\"21\" step=\"1\" value=\"1\" id=\"numpeople\">\n<div class=\"range-thumb\">\n<img decoding=\"async\" src=\"https:\/\/static.weekdone.com\/wp-content\/themes\/WK\/assets\/images\/1f600.svg\">\n<\/div>\n<\/div>\n<\/div>\n<select id=\"people\" style=\"display:none\" ;=\"\">\n<option value=\"3\">1-3<\/option>\n<option value=\"10\">4-10<\/option>\n<option value=\"15\">11-15<\/option>\n<option value=\"20\">16-20<\/option>\n<option value=\"30\">21-30<\/option>\n<option value=\"40\">31-40<\/option>\n<option value=\"50\">41-50<\/option>\n<option value=\"60\">51-60<\/option>\n<option value=\"70\">61-70<\/option>\n<option value=\"80\">71-80<\/option>\n<option value=\"90\">81-90<\/option>\n<option value=\"100\">91-100<\/option>\n<option value=\"125\">101-125<\/option>\n<option value=\"150\">126-150<\/option>\n<option value=\"175\">151-175<\/option>\n<option value=\"200\">176-200<\/option>\n<option value=\"250\">201-250<\/option>\n<option value=\"300\">251-300<\/option>\n<option value=\"350\">301-350<\/option>\n<option value=\"400\" selected=\"\">351-400<\/option>\n<option value=\"500\"> \u00dcber 500<\/option>\n<\/select>\n<p id=\"ppu\" class=\"has-large-font-size\"><span id=\"price_per_user\">Kostenlos<\/span>\n<\/p><p id=\"price\" class=\"has-small-font-size\"><\/p>\n\n<div id=\"saving_1\"><span class=\"alert alert-success hidden\"><i class=\"fa fa-check-circle\"><\/i> <b>SAVE $2160 per year paying annually<\/b><\/span><\/div>\n\n<div id=\"action_1\"><\/div>\n\n<div class=\"flex\">\n\n<div class=\"hidden\">\n<a href=\"#\">Update payment info<\/a>\n<\/div>\n<div class=\"hidden\">\n<a href=\"#\" onclick=\"if(confirm('Please confirm you wish to cancel your subscription')) document.location='\/prices?act=cancel&amp;token=759bbad951b51cdbeeaf6c5d85d9794b'; return false;\" class=\"btn btn-primary\" type=\"submit\">Cancel subscription<\/a>\n<\/div>\n<div>\n<input class=\"hidden\" id=\"discounttext\" name=\"code\" type=\"text\" placeholder=\"Rabattcode\">\n<\/div>\n<\/div>\n<\/fieldset>\n<\/form>\n\n\n\n<div class=\"wp-block-buttons is-content-justification-center is-layout-flex wp-block-buttons-is-layout-flex\">\n<div class=\"wp-block-button\"><a class=\"wp-block-button__link\" href=\"\/register?lang=de\">Gratis ausprobieren<\/a><\/div>\n<\/div>\n\n\n\n<div class=\"wp-block-columns is-layout-flex wp-container-core-columns-is-layout-9d6595d7 wp-block-columns-is-layout-flex\">\n<div class=\"wp-block-column is-layout-flow wp-block-column-is-layout-flow\">\n<div class=\"wp-block-image\"><figure class=\"aligncenter size-large\"><img loading=\"lazy\" decoding=\"async\" width=\"328\" height=\"88\" src=\"https:\/\/static.weekdone.com\/wp-content\/uploads\/braintree-badge-light.png\" alt=\"BrainTree\" class=\"wp-image-1148\" srcset=\"https:\/\/static.weekdone.com\/wp-content\/uploads\/braintree-badge-light.png 328w, https:\/\/static.weekdone.com\/wp-content\/uploads\/braintree-badge-light-300x80.png 300w\" sizes=\"auto, (max-width: 328px) 100vw, 328px\" \/><\/figure><\/div>\n<\/div>\n\n\n\n<div class=\"wp-block-column is-layout-flow wp-block-column-is-layout-flow\">\n<div class=\"wp-block-image\"><figure class=\"aligncenter size-large\"><img loading=\"lazy\" decoding=\"async\" width=\"1024\" height=\"301\" src=\"https:\/\/static.weekdone.com\/wp-content\/uploads\/\/le-logo-wide-1024x301.png\" alt=\"Let's Encrypt\" class=\"wp-image-1154\" srcset=\"https:\/\/static.weekdone.com\/wp-content\/uploads\/le-logo-wide-1024x301.png 1024w, https:\/\/static.weekdone.com\/wp-content\/uploads\/le-logo-wide-300x88.png 300w, https:\/\/static.weekdone.com\/wp-content\/uploads\/le-logo-wide-768x226.png 768w, https:\/\/static.weekdone.com\/wp-content\/uploads\/le-logo-wide-1200x353.png 1200w, https:\/\/static.weekdone.com\/wp-content\/uploads\/le-logo-wide.png 1335w\" sizes=\"auto, (max-width: 1024px) 100vw, 1024px\" \/><\/figure><\/div>\n<\/div>\n\n\n\n<div class=\"wp-block-column is-layout-flow wp-block-column-is-layout-flow\">\n<div class=\"wp-block-image\"><figure class=\"aligncenter size-large\"><img loading=\"lazy\" decoding=\"async\" width=\"200\" height=\"70\" src=\"https:\/\/static.weekdone.com\/wp-content\/uploads\/\/mcafee-secure-trustmark.svg\" alt=\"McAfee Secure\" class=\"wp-image-1166\"\/><\/figure><\/div>\n<\/div>\n<\/div>\n","protected":false},"excerpt":{"rendered":"<p>Wie viele Personen arbeiten in Ihrem Unternehmen? Wie viele Personen arbeiten in Ihrem Unternehmen? Personen J\u00e4hrlich Monatlich 1-34-1011-1516-2021-3031-4041-5051-6061-7071-8081-9091-100101-125126-150151-175176-200201-250251-300301-350351-400 \u00dcber 500 Kostenlos SAVE $2160 per year paying annually Update payment info Cancel subscription<\/p>\n","protected":false},"author":2,"featured_media":237,"parent":0,"menu_order":0,"comment_status":"closed","ping_status":"closed","template":"templates\/template-full-width.php","meta":{"_acf_changed":false,"om_disable_all_campaigns":false,"inline_featured_image":false,"footnotes":""},"class_list":["post-16536","page","type-page","status-publish","has-post-thumbnail","hentry"],"acf":[],"yoast_head":"<!-- This site is optimized with the Yoast SEO Premium plugin v24.4 (Yoast SEO v27.5) - https:\/\/yoast.com\/product\/yoast-seo-premium-wordpress\/ -->\n<title>Preise &#8211; Weekdone<\/title>\n<meta name=\"description\" content=\"Preiswerte und leistungsstarke L\u00f6sung f\u00fcr die OKR und Wochenplanung kleiner und mittlerer Unternehmen. Erfahren Sie mehr \u00fcber unsere kostenpflichtigen Pakete oder starten Sie noch heute eine kostenlose Testversion!\" \/>\n<meta name=\"robots\" content=\"index, follow, max-snippet:-1, max-image-preview:large, max-video-preview:-1\" \/>\n<link rel=\"canonical\" href=\"https:\/\/static.weekdone.com\/home\/de\/preise\" \/>\n<meta property=\"og:locale\" content=\"de_DE\" \/>\n<meta property=\"og:type\" content=\"article\" \/>\n<meta property=\"og:title\" content=\"Preise\" \/>\n<meta property=\"og:description\" content=\"Preiswerte und leistungsstarke L\u00f6sung f\u00fcr die OKR und Wochenplanung kleiner und mittlerer Unternehmen. Erfahren Sie mehr \u00fcber unsere kostenpflichtigen Pakete oder starten Sie noch heute eine kostenlose Testversion!\" \/>\n<meta property=\"og:url\" content=\"https:\/\/static.weekdone.com\/home\/de\/preise\" \/>\n<meta property=\"og:site_name\" content=\"Weekdone\" \/>\n<meta property=\"article:publisher\" content=\"https:\/\/www.facebook.com\/weekdone\" \/>\n<meta property=\"article:modified_time\" content=\"2021-04-14T11:17:48+00:00\" \/>\n<meta property=\"og:image\" content=\"https:\/\/static.weekdone.com\/wp-content\/uploads\/2020\/10\/cropped-weekdone-logo-square-1-1.png\" \/>\n\t<meta property=\"og:image:width\" content=\"1024\" \/>\n\t<meta property=\"og:image:height\" content=\"1024\" \/>\n\t<meta property=\"og:image:type\" content=\"image\/png\" \/>\n<meta name=\"twitter:card\" content=\"summary_large_image\" \/>\n<meta name=\"twitter:site\" content=\"@weekdone\" \/>\n<script type=\"application\/ld+json\" class=\"yoast-schema-graph\">{\"@context\":\"https:\\\/\\\/schema.org\",\"@graph\":[{\"@type\":\"WebPage\",\"@id\":\"https:\\\/\\\/static.weekdone.com\\\/home\\\/de\\\/preise\",\"url\":\"https:\\\/\\\/static.weekdone.com\\\/home\\\/de\\\/preise\",\"name\":\"Preise &#8211; Weekdone\",\"isPartOf\":{\"@id\":\"https:\\\/\\\/static.weekdone.com\\\/home\\\/de#website\"},\"primaryImageOfPage\":{\"@id\":\"https:\\\/\\\/static.weekdone.com\\\/home\\\/de\\\/preise#primaryimage\"},\"image\":{\"@id\":\"https:\\\/\\\/static.weekdone.com\\\/home\\\/de\\\/preise#primaryimage\"},\"thumbnailUrl\":\"https:\\\/\\\/static.weekdone.com\\\/wp-content\\\/uploads\\\/2020\\\/10\\\/cropped-weekdone-logo-square-1-1.png\",\"datePublished\":\"2020-10-06T09:38:00+00:00\",\"dateModified\":\"2021-04-14T11:17:48+00:00\",\"description\":\"Preiswerte und leistungsstarke L\u00f6sung f\u00fcr die OKR und Wochenplanung kleiner und mittlerer Unternehmen. Erfahren Sie mehr \u00fcber unsere kostenpflichtigen Pakete oder starten Sie noch heute eine kostenlose Testversion!\",\"breadcrumb\":{\"@id\":\"https:\\\/\\\/static.weekdone.com\\\/home\\\/de\\\/preise#breadcrumb\"},\"inLanguage\":\"de\",\"potentialAction\":[{\"@type\":\"ReadAction\",\"target\":[\"https:\\\/\\\/static.weekdone.com\\\/home\\\/de\\\/preise\"]}]},{\"@type\":\"ImageObject\",\"inLanguage\":\"de\",\"@id\":\"https:\\\/\\\/static.weekdone.com\\\/home\\\/de\\\/preise#primaryimage\",\"url\":\"https:\\\/\\\/static.weekdone.com\\\/wp-content\\\/uploads\\\/2020\\\/10\\\/cropped-weekdone-logo-square-1-1.png\",\"contentUrl\":\"https:\\\/\\\/static.weekdone.com\\\/wp-content\\\/uploads\\\/2020\\\/10\\\/cropped-weekdone-logo-square-1-1.png\",\"width\":1024,\"height\":1024},{\"@type\":\"BreadcrumbList\",\"@id\":\"https:\\\/\\\/static.weekdone.com\\\/home\\\/de\\\/preise#breadcrumb\",\"itemListElement\":[{\"@type\":\"ListItem\",\"position\":1,\"name\":\"Home\",\"item\":\"https:\\\/\\\/static.weekdone.com\\\/home\\\/de\"},{\"@type\":\"ListItem\",\"position\":2,\"name\":\"Preise\"}]},{\"@type\":\"WebSite\",\"@id\":\"https:\\\/\\\/static.weekdone.com\\\/home\\\/de#website\",\"url\":\"https:\\\/\\\/static.weekdone.com\\\/home\\\/de\",\"name\":\"Weekdone\",\"description\":\"OKR Software for Goal Tracking and Status Reporting\",\"publisher\":{\"@id\":\"https:\\\/\\\/static.weekdone.com\\\/home\\\/de#organization\"},\"potentialAction\":[{\"@type\":\"SearchAction\",\"target\":{\"@type\":\"EntryPoint\",\"urlTemplate\":\"https:\\\/\\\/static.weekdone.com\\\/home\\\/de?s={search_term_string}\"},\"query-input\":{\"@type\":\"PropertyValueSpecification\",\"valueRequired\":true,\"valueName\":\"search_term_string\"}}],\"inLanguage\":\"de\"},{\"@type\":\"Organization\",\"@id\":\"https:\\\/\\\/static.weekdone.com\\\/home\\\/de#organization\",\"name\":\"Weekdone\",\"url\":\"https:\\\/\\\/static.weekdone.com\\\/home\\\/de\",\"logo\":{\"@type\":\"ImageObject\",\"inLanguage\":\"de\",\"@id\":\"https:\\\/\\\/static.weekdone.com\\\/home\\\/de#\\\/schema\\\/logo\\\/image\\\/\",\"url\":\"https:\\\/\\\/static.weekdone.com\\\/wp-content\\\/uploads\\\/2020\\\/10\\\/weekdone-logo-square-1-1.png\",\"contentUrl\":\"https:\\\/\\\/static.weekdone.com\\\/wp-content\\\/uploads\\\/2020\\\/10\\\/weekdone-logo-square-1-1.png\",\"width\":1024,\"height\":1024,\"caption\":\"Weekdone\"},\"image\":{\"@id\":\"https:\\\/\\\/static.weekdone.com\\\/home\\\/de#\\\/schema\\\/logo\\\/image\\\/\"},\"sameAs\":[\"https:\\\/\\\/www.facebook.com\\\/weekdone\",\"https:\\\/\\\/x.com\\\/weekdone\"]}]}<\/script>\n<!-- \/ Yoast SEO Premium plugin. -->","yoast_head_json":{"title":"Preise &#8211; Weekdone","description":"Preiswerte und leistungsstarke L\u00f6sung f\u00fcr die OKR und Wochenplanung kleiner und mittlerer Unternehmen. Erfahren Sie mehr \u00fcber unsere kostenpflichtigen Pakete oder starten Sie noch heute eine kostenlose Testversion!","robots":{"index":"index","follow":"follow","max-snippet":"max-snippet:-1","max-image-preview":"max-image-preview:large","max-video-preview":"max-video-preview:-1"},"canonical":"https:\/\/static.weekdone.com\/home\/de\/preise","og_locale":"de_DE","og_type":"article","og_title":"Preise","og_description":"Preiswerte und leistungsstarke L\u00f6sung f\u00fcr die OKR und Wochenplanung kleiner und mittlerer Unternehmen. Erfahren Sie mehr \u00fcber unsere kostenpflichtigen Pakete oder starten Sie noch heute eine kostenlose Testversion!","og_url":"https:\/\/static.weekdone.com\/home\/de\/preise","og_site_name":"Weekdone","article_publisher":"https:\/\/www.facebook.com\/weekdone","article_modified_time":"2021-04-14T11:17:48+00:00","og_image":[{"width":1024,"height":1024,"url":"https:\/\/static.weekdone.com\/wp-content\/uploads\/2020\/10\/cropped-weekdone-logo-square-1-1.png","type":"image\/png"}],"twitter_card":"summary_large_image","twitter_site":"@weekdone","schema":{"@context":"https:\/\/schema.org","@graph":[{"@type":"WebPage","@id":"https:\/\/static.weekdone.com\/home\/de\/preise","url":"https:\/\/static.weekdone.com\/home\/de\/preise","name":"Preise &#8211; Weekdone","isPartOf":{"@id":"https:\/\/static.weekdone.com\/home\/de#website"},"primaryImageOfPage":{"@id":"https:\/\/static.weekdone.com\/home\/de\/preise#primaryimage"},"image":{"@id":"https:\/\/static.weekdone.com\/home\/de\/preise#primaryimage"},"thumbnailUrl":"https:\/\/static.weekdone.com\/wp-content\/uploads\/2020\/10\/cropped-weekdone-logo-square-1-1.png","datePublished":"2020-10-06T09:38:00+00:00","dateModified":"2021-04-14T11:17:48+00:00","description":"Preiswerte und leistungsstarke L\u00f6sung f\u00fcr die OKR und Wochenplanung kleiner und mittlerer Unternehmen. Erfahren Sie mehr \u00fcber unsere kostenpflichtigen Pakete oder starten Sie noch heute eine kostenlose Testversion!","breadcrumb":{"@id":"https:\/\/static.weekdone.com\/home\/de\/preise#breadcrumb"},"inLanguage":"de","potentialAction":[{"@type":"ReadAction","target":["https:\/\/static.weekdone.com\/home\/de\/preise"]}]},{"@type":"ImageObject","inLanguage":"de","@id":"https:\/\/static.weekdone.com\/home\/de\/preise#primaryimage","url":"https:\/\/static.weekdone.com\/wp-content\/uploads\/2020\/10\/cropped-weekdone-logo-square-1-1.png","contentUrl":"https:\/\/static.weekdone.com\/wp-content\/uploads\/2020\/10\/cropped-weekdone-logo-square-1-1.png","width":1024,"height":1024},{"@type":"BreadcrumbList","@id":"https:\/\/static.weekdone.com\/home\/de\/preise#breadcrumb","itemListElement":[{"@type":"ListItem","position":1,"name":"Home","item":"https:\/\/static.weekdone.com\/home\/de"},{"@type":"ListItem","position":2,"name":"Preise"}]},{"@type":"WebSite","@id":"https:\/\/static.weekdone.com\/home\/de#website","url":"https:\/\/static.weekdone.com\/home\/de","name":"Weekdone","description":"OKR Software for Goal Tracking and Status Reporting","publisher":{"@id":"https:\/\/static.weekdone.com\/home\/de#organization"},"potentialAction":[{"@type":"SearchAction","target":{"@type":"EntryPoint","urlTemplate":"https:\/\/static.weekdone.com\/home\/de?s={search_term_string}"},"query-input":{"@type":"PropertyValueSpecification","valueRequired":true,"valueName":"search_term_string"}}],"inLanguage":"de"},{"@type":"Organization","@id":"https:\/\/static.weekdone.com\/home\/de#organization","name":"Weekdone","url":"https:\/\/static.weekdone.com\/home\/de","logo":{"@type":"ImageObject","inLanguage":"de","@id":"https:\/\/static.weekdone.com\/home\/de#\/schema\/logo\/image\/","url":"https:\/\/static.weekdone.com\/wp-content\/uploads\/2020\/10\/weekdone-logo-square-1-1.png","contentUrl":"https:\/\/static.weekdone.com\/wp-content\/uploads\/2020\/10\/weekdone-logo-square-1-1.png","width":1024,"height":1024,"caption":"Weekdone"},"image":{"@id":"https:\/\/static.weekdone.com\/home\/de#\/schema\/logo\/image\/"},"sameAs":["https:\/\/www.facebook.com\/weekdone","https:\/\/x.com\/weekdone"]}]}},"_links":{"self":[{"href":"https:\/\/static.weekdone.com\/home\/de\/wp-json\/wp\/v2\/pages\/16536","targetHints":{"allow":["GET"]}}],"collection":[{"href":"https:\/\/static.weekdone.com\/home\/de\/wp-json\/wp\/v2\/pages"}],"about":[{"href":"https:\/\/static.weekdone.com\/home\/de\/wp-json\/wp\/v2\/types\/page"}],"author":[{"embeddable":true,"href":"https:\/\/static.weekdone.com\/home\/de\/wp-json\/wp\/v2\/users\/2"}],"replies":[{"embeddable":true,"href":"https:\/\/static.weekdone.com\/home\/de\/wp-json\/wp\/v2\/comments?post=16536"}],"version-history":[{"count":15,"href":"https:\/\/static.weekdone.com\/home\/de\/wp-json\/wp\/v2\/pages\/16536\/revisions"}],"predecessor-version":[{"id":22399,"href":"https:\/\/static.weekdone.com\/home\/de\/wp-json\/wp\/v2\/pages\/16536\/revisions\/22399"}],"wp:featuredmedia":[{"embeddable":true,"href":"https:\/\/static.weekdone.com\/home\/de\/wp-json\/wp\/v2\/media\/237"}],"wp:attachment":[{"href":"https:\/\/static.weekdone.com\/home\/de\/wp-json\/wp\/v2\/media?parent=16536"}],"curies":[{"name":"wp","href":"https:\/\/api.w.org\/{rel}","templated":true}]}}