{"id":16649,"date":"2020-10-05T15:32:14","date_gmt":"2020-10-05T15:32:14","guid":{"rendered":"https:\/\/static.weekdone.com\/home\/product"},"modified":"2021-02-12T09:41:22","modified_gmt":"2021-02-12T09:41:22","slug":"produkt","status":"publish","type":"page","link":"https:\/\/static.weekdone.com\/home\/de\/produkt","title":{"rendered":"Hilfsmittel, um zu ermutigen und zu best\u00e4rken"},"content":{"rendered":"\n<h2 class=\"has-text-align-center wp-block-heading\" id=\"h-quartalsziele-hauptergebnisse\">Quartalsziele + Hauptergebnisse<\/h2>\n\n\n\n<p class=\"has-text-align-center\">Organisieren Sie Ihre Ziele und verbessern Sie die Zusammenarbeit in Ihrem Team mithilfe von OKR<\/p>\n\n\n\n<div class=\"wp-block-media-text alignwide is-stacked-on-mobile redbar\"><figure class=\"wp-block-media-text__media\"><img loading=\"lazy\" decoding=\"async\" width=\"1000\" height=\"440\" src=\"https:\/\/static.weekdone.com\/wp-content\/uploads\/2020\/10\/o-1.png\" alt=\"\" class=\"wp-image-419 size-full\" srcset=\"https:\/\/static.weekdone.com\/wp-content\/uploads\/2020\/10\/o-1.png 1000w, https:\/\/static.weekdone.com\/wp-content\/uploads\/2020\/10\/o-1-300x132.png 300w, https:\/\/static.weekdone.com\/wp-content\/uploads\/2020\/10\/o-1-768x338.png 768w\" sizes=\"auto, (max-width: 1000px) 100vw, 1000px\" \/><\/figure><div class=\"wp-block-media-text__content\">\n<h3 class=\"wp-block-heading\" id=\"h-visualisieren-sie-den-gesamtprozess-mithilfe-einer-ziel-hierarchie\">Visualisieren Sie den Gesamtprozess mithilfe einer Ziel-Hierarchie<\/h3>\n\n\n\n<p>Richten Sie Unternehmens-, Abteilungs-, Team- und pers\u00f6nlichen Ziele so aus, um so die Beitr\u00e4ge aller in eine gemeinsame Richtung zu lenken.<\/p>\n<\/div><\/div>\n\n\n\n<div class=\"wp-block-media-text alignwide has-media-on-the-right is-stacked-on-mobile\"><figure class=\"wp-block-media-text__media\"><img loading=\"lazy\" decoding=\"async\" width=\"1000\" height=\"300\" src=\"https:\/\/static.weekdone.com\/wp-content\/uploads\/2020\/10\/o-2.png\" alt=\"\" class=\"wp-image-428 size-full\" srcset=\"https:\/\/static.weekdone.com\/wp-content\/uploads\/2020\/10\/o-2.png 1000w, https:\/\/static.weekdone.com\/wp-content\/uploads\/2020\/10\/o-2-300x90.png 300w, https:\/\/static.weekdone.com\/wp-content\/uploads\/2020\/10\/o-2-768x230.png 768w\" sizes=\"auto, (max-width: 1000px) 100vw, 1000px\" \/><\/figure><div class=\"wp-block-media-text__content\">\n<h3 class=\"wp-block-heading\" id=\"h-teilen-und-verwalten-sie-den-fortschritt-der-ziele\">Teilen und Verwalten Sie den Fortschritt der Ziele<\/h3>\n\n\n\n<p>Legen Sie nicht nur Ziele fest und vergessen Sie sie anschlie\u00dfend! Schauen Sie w\u00f6chentlich vorbei und behalten Sie so den Fortschritt Ihrer Ziele und Metriken im Blick.<\/p>\n<\/div><\/div>\n\n\n\n<div class=\"wp-block-media-text alignwide is-stacked-on-mobile\"><figure class=\"wp-block-media-text__media\"><img loading=\"lazy\" decoding=\"async\" width=\"1000\" height=\"266\" src=\"https:\/\/static.weekdone.com\/wp-content\/uploads\/2020\/10\/o-3.png\" alt=\"\" class=\"wp-image-437 size-full\" srcset=\"https:\/\/static.weekdone.com\/wp-content\/uploads\/2020\/10\/o-3.png 1000w, https:\/\/static.weekdone.com\/wp-content\/uploads\/2020\/10\/o-3-300x80.png 300w, https:\/\/static.weekdone.com\/wp-content\/uploads\/2020\/10\/o-3-768x204.png 768w\" sizes=\"auto, (max-width: 1000px) 100vw, 1000px\" \/><\/figure><div class=\"wp-block-media-text__content\">\n<h3 class=\"wp-block-heading\" id=\"h-der-status-ihres-teams-auf-einen-blick\">Der Status Ihres Teams auf einen Blick<\/h3>\n\n\n\n<p>Dashboards in Echtzeit zeigen Ihnen wie es um die Umsetzung der Ziele eines jeden Teammitglieds steht<\/p>\n<\/div><\/div>\n\n\n\n<h2 class=\"has-text-align-center wp-block-heading\" id=\"h-w-chentliches-planen\">W\u00f6chentliches Planen<\/h2>\n\n\n\n<p class=\"has-text-align-center\">Behalten Sie alle w\u00f6chentlichen Aktivit\u00e4ten im Blick, um besser vernetzte und klar erkennbare Teams zu schaffen<\/p>\n\n\n\n<div class=\"wp-block-media-text alignwide has-media-on-the-right is-stacked-on-mobile amberbar\"><figure class=\"wp-block-media-text__media\"><img loading=\"lazy\" decoding=\"async\" width=\"1000\" height=\"414\" src=\"https:\/\/static.weekdone.com\/wp-content\/uploads\/2020\/10\/w-1.png\" alt=\"\" class=\"wp-image-447 size-full\" srcset=\"https:\/\/static.weekdone.com\/wp-content\/uploads\/2020\/10\/w-1.png 1000w, https:\/\/static.weekdone.com\/wp-content\/uploads\/2020\/10\/w-1-300x124.png 300w, https:\/\/static.weekdone.com\/wp-content\/uploads\/2020\/10\/w-1-768x318.png 768w\" sizes=\"auto, (max-width: 1000px) 100vw, 1000px\" \/><\/figure><div class=\"wp-block-media-text__content\">\n<h3 class=\"wp-block-heading\" id=\"h-bleiben-sie-mit-den-aktivit-ten-ihres-teams-auf-dem-laufenden\">Bleiben Sie mit den Aktivit\u00e4ten Ihres Teams auf dem Laufenden<\/h3>\n\n\n\n<p>Behalten Sie den \u00dcberblick dar\u00fcber welche Ihrer Pl\u00e4ne jede Woche erreicht werden, um so Ihre Planung und Entscheidungen entsprechend anzupassen.<\/p>\n<\/div><\/div>\n\n\n\n<div class=\"wp-block-media-text alignwide is-stacked-on-mobile\"><figure class=\"wp-block-media-text__media\"><img loading=\"lazy\" decoding=\"async\" width=\"1000\" height=\"504\" src=\"https:\/\/static.weekdone.com\/wp-content\/uploads\/2020\/10\/w-2.png\" alt=\"\" class=\"wp-image-456 size-full\" srcset=\"https:\/\/static.weekdone.com\/wp-content\/uploads\/2020\/10\/w-2.png 1000w, https:\/\/static.weekdone.com\/wp-content\/uploads\/2020\/10\/w-2-300x151.png 300w, https:\/\/static.weekdone.com\/wp-content\/uploads\/2020\/10\/w-2-768x387.png 768w\" sizes=\"auto, (max-width: 1000px) 100vw, 1000px\" \/><\/figure><div class=\"wp-block-media-text__content\">\n<h3 class=\"wp-block-heading\" id=\"h-bleiben-sie-mit-den-pl-nen-erfolgen-und-problemen-ihres-teams-auf-dem-laufenden\">Bleiben Sie mit den Pl\u00e4nen, Erfolgen und Problemen Ihres Teams auf dem Laufenden<\/h3>\n\n\n\n<p>Ersetzen Sie w\u00f6chentliche Meetings mit schnellen und einfachen online Check-ins.<\/p>\n<\/div><\/div>\n\n\n\n<div class=\"wp-block-media-text alignwide has-media-on-the-right is-stacked-on-mobile\"><figure class=\"wp-block-media-text__media\"><img loading=\"lazy\" decoding=\"async\" width=\"1000\" height=\"578\" src=\"https:\/\/static.weekdone.com\/wp-content\/uploads\/2020\/10\/w-3.png\" alt=\"\" class=\"wp-image-465 size-full\" srcset=\"https:\/\/static.weekdone.com\/wp-content\/uploads\/2020\/10\/w-3.png 1000w, https:\/\/static.weekdone.com\/wp-content\/uploads\/2020\/10\/w-3-300x173.png 300w, https:\/\/static.weekdone.com\/wp-content\/uploads\/2020\/10\/w-3-768x444.png 768w\" sizes=\"auto, (max-width: 1000px) 100vw, 1000px\" \/><\/figure><div class=\"wp-block-media-text__content\">\n<h3 class=\"wp-block-heading\" id=\"h-messen-sie-die-leistung-ihres-teams\">Messen Sie die Leistung Ihres Teams<\/h3>\n\n\n\n<p>Analysieren Sie in w\u00f6chentlichen Abst\u00e4nden Trendberichte, um Ver\u00e4nderungen in der Leistung Ihres Teams festzustellen.<\/p>\n<\/div><\/div>\n\n\n\n<h2 class=\"has-text-align-center wp-block-heading\" id=\"h-1-1s\">1:1s<\/h2>\n\n\n\n<p class=\"has-text-align-center\">Unterst\u00fctzen und leiten Sie Ihr Team mit personalisierten Gespr\u00e4chen<\/p>\n\n\n\n<div class=\"wp-block-media-text alignwide is-stacked-on-mobile greenbar\"><figure class=\"wp-block-media-text__media\"><img loading=\"lazy\" decoding=\"async\" width=\"1000\" height=\"600\" src=\"https:\/\/static.weekdone.com\/wp-content\/uploads\/2020\/10\/d-1.png\" alt=\"\" class=\"wp-image-474 size-full\" srcset=\"https:\/\/static.weekdone.com\/wp-content\/uploads\/2020\/10\/d-1.png 1000w, https:\/\/static.weekdone.com\/wp-content\/uploads\/2020\/10\/d-1-300x180.png 300w, https:\/\/static.weekdone.com\/wp-content\/uploads\/2020\/10\/d-1-768x461.png 768w\" sizes=\"auto, (max-width: 1000px) 100vw, 1000px\" \/><\/figure><div class=\"wp-block-media-text__content\">\n<h3 class=\"wp-block-heading\" id=\"h-f-hren-sie-mitarbeiter-evaluierungen-und-gespr-che\">F\u00fchren Sie Mitarbeiter Evaluierungen und Gespr\u00e4che<\/h3>\n\n\n\n<p>Stellen Sie Fragen, geben Sie Feedback, und erteilen Sie Lob oder Anregungen unmittelbar an individuelle Mitarbeiter.<\/p>\n<\/div><\/div>\n\n\n\n<div class=\"wp-block-media-text alignwide has-media-on-the-right is-stacked-on-mobile\"><figure class=\"wp-block-media-text__media\"><img loading=\"lazy\" decoding=\"async\" width=\"1000\" height=\"284\" src=\"https:\/\/static.weekdone.com\/wp-content\/uploads\/2020\/10\/d-2.png\" alt=\"\" class=\"wp-image-483 size-full\" srcset=\"https:\/\/static.weekdone.com\/wp-content\/uploads\/2020\/10\/d-2.png 1000w, https:\/\/static.weekdone.com\/wp-content\/uploads\/2020\/10\/d-2-300x85.png 300w, https:\/\/static.weekdone.com\/wp-content\/uploads\/2020\/10\/d-2-768x218.png 768w\" sizes=\"auto, (max-width: 1000px) 100vw, 1000px\" \/><\/figure><div class=\"wp-block-media-text__content\">\n<h3 class=\"wp-block-heading\" id=\"h-erg-nzen-sie-ihre-offline-mitarbeitergespr-che\">Erg\u00e4nzen Sie Ihre offline Mitarbeitergespr\u00e4che<\/h3>\n\n\n\n<p>Halten Sie die n\u00f6tigen Unterlagen und unterst\u00fczenden Materialien bereit, um offline strukturiert und effektiv 1:1 Gespr\u00e4che mit individuellen Mitarbeitern zu f\u00fchren.<\/p>\n<\/div><\/div>\n\n\n\n<div class=\"wp-block-media-text alignwide is-stacked-on-mobile\"><figure class=\"wp-block-media-text__media\"><img loading=\"lazy\" decoding=\"async\" width=\"1000\" height=\"196\" src=\"https:\/\/static.weekdone.com\/wp-content\/uploads\/2020\/10\/d-3.png\" alt=\"\" class=\"wp-image-492 size-full\" srcset=\"https:\/\/static.weekdone.com\/wp-content\/uploads\/2020\/10\/d-3.png 1000w, https:\/\/static.weekdone.com\/wp-content\/uploads\/2020\/10\/d-3-300x59.png 300w, https:\/\/static.weekdone.com\/wp-content\/uploads\/2020\/10\/d-3-768x151.png 768w\" sizes=\"auto, (max-width: 1000px) 100vw, 1000px\" \/><\/figure><div class=\"wp-block-media-text__content\">\n<h3 class=\"wp-block-heading\" id=\"h-bleiben-sie-organisiert-mit-privaten-notizen\">Bleiben Sie organisiert mit privaten Notizen<\/h3>\n\n\n\n<p>Schreiben Sie sich pers\u00f6nliche Erinnerungsnotizen oder bewerten Sie Ihre Performance der aktuellen Tage und Wochen<\/p>\n<\/div><\/div>\n\n\n\n<h2 class=\"has-text-align-center wp-block-heading\" id=\"h-feedback-anerkennung\">Feedback &amp; Anerkennung<\/h2>\n\n\n\n<p class=\"has-text-align-center\">Sprechen Sie Lob aus, wenn Erfolge erzielt wurden und heben Sie die Motivation mit Anerkennung durch die Kollegen<\/p>\n\n\n\n<div class=\"wp-block-media-text alignwide has-media-on-the-right is-stacked-on-mobile cyanbar\"><figure class=\"wp-block-media-text__media\"><img loading=\"lazy\" decoding=\"async\" width=\"1000\" height=\"324\" src=\"https:\/\/static.weekdone.com\/wp-content\/uploads\/2020\/10\/f-1.png\" alt=\"\" class=\"wp-image-501 size-full\" srcset=\"https:\/\/static.weekdone.com\/wp-content\/uploads\/2020\/10\/f-1.png 1000w, https:\/\/static.weekdone.com\/wp-content\/uploads\/2020\/10\/f-1-300x97.png 300w, https:\/\/static.weekdone.com\/wp-content\/uploads\/2020\/10\/f-1-768x249.png 768w\" sizes=\"auto, (max-width: 1000px) 100vw, 1000px\" \/><\/figure><div class=\"wp-block-media-text__content\">\n<h3 class=\"wp-block-heading\" id=\"h-beteiligen-sie-sich-an-den-aktivit-ten-ihres-teams\">Beteiligen Sie sich an den Aktivit\u00e4ten Ihres Teams<\/h3>\n\n\n\n<p>Best\u00e4rken Sie Ihr Team mit einfachen Kommentaren und w\u00fcrdigen Sie so die harte Arbeit Ihrer Mitarbeiter.<\/p>\n<\/div><\/div>\n\n\n\n<div class=\"wp-block-media-text alignwide is-stacked-on-mobile\"><figure class=\"wp-block-media-text__media\"><img loading=\"lazy\" decoding=\"async\" width=\"1000\" height=\"360\" src=\"https:\/\/static.weekdone.com\/wp-content\/uploads\/2020\/10\/f-2.png\" alt=\"\" class=\"wp-image-510 size-full\" srcset=\"https:\/\/static.weekdone.com\/wp-content\/uploads\/2020\/10\/f-2.png 1000w, https:\/\/static.weekdone.com\/wp-content\/uploads\/2020\/10\/f-2-300x108.png 300w, https:\/\/static.weekdone.com\/wp-content\/uploads\/2020\/10\/f-2-768x276.png 768w\" sizes=\"auto, (max-width: 1000px) 100vw, 1000px\" \/><\/figure><div class=\"wp-block-media-text__content\">\n<h3 class=\"wp-block-heading\" id=\"h-messen-sie-zufriedenheit-und-noch-mehr\">Messen Sie Zufriedenheit und noch mehr<\/h3>\n\n\n\n<p>Verwenden Sie 5-Punkte-Bewertungen, um herauszufinden, wie die w\u00f6chentliche Stimmung im Team ist.<\/p>\n<\/div><\/div>\n\n\n\n<div class=\"wp-block-media-text alignwide has-media-on-the-right is-stacked-on-mobile\"><figure class=\"wp-block-media-text__media\"><img loading=\"lazy\" decoding=\"async\" width=\"1000\" height=\"308\" src=\"https:\/\/static.weekdone.com\/wp-content\/uploads\/2020\/10\/f-3.png\" alt=\"\" class=\"wp-image-519 size-full\" srcset=\"https:\/\/static.weekdone.com\/wp-content\/uploads\/2020\/10\/f-3.png 1000w, https:\/\/static.weekdone.com\/wp-content\/uploads\/2020\/10\/f-3-300x92.png 300w, https:\/\/static.weekdone.com\/wp-content\/uploads\/2020\/10\/f-3-768x237.png 768w\" sizes=\"auto, (max-width: 1000px) 100vw, 1000px\" \/><\/figure><div class=\"wp-block-media-text__content\">\n<h3 class=\"wp-block-heading\" id=\"h-steigern-sie-die-allgemeine-motivation-mithilfe-von-gegenseitigem-positiven-mitarbeiter-feedback\">Steigern Sie die allgemeine Motivation mithilfe von gegenseitigem positiven Mitarbeiter Feedback<\/h3>\n\n\n\n<p>Mitarbeiter k\u00f6nnen sich die Woche \u00fcber gegenseitig best\u00e4rken und unterst\u00fctzen<\/p>\n<\/div><\/div>\n","protected":false},"excerpt":{"rendered":"<p>Quartalsziele + Hauptergebnisse Organisieren Sie Ihre Ziele und verbessern Sie die Zusammenarbeit in Ihrem Team mithilfe von OKR Visualisieren Sie den Gesamtprozess mithilfe einer Ziel-Hierarchie Richten Sie Unternehmens-, Abteilungs-, Team- und pers\u00f6nlichen Ziele so aus, um so die Beitr\u00e4ge aller in eine gemeinsame Richtung zu lenken. Teilen und Verwalten Sie den Fortschritt der Ziele Legen [&hellip;]<\/p>\n","protected":false},"author":2,"featured_media":0,"parent":0,"menu_order":0,"comment_status":"closed","ping_status":"closed","template":"","meta":{"_acf_changed":false,"om_disable_all_campaigns":false,"inline_featured_image":false,"footnotes":""},"class_list":["post-16649","page","type-page","status-publish","hentry"],"acf":[],"yoast_head":"<!-- This site is optimized with the Yoast SEO Premium plugin v24.4 (Yoast SEO v27.3) - https:\/\/yoast.com\/product\/yoast-seo-premium-wordpress\/ -->\n<title>Hilfsmittel, um zu ermutigen und zu best\u00e4rken &#8211; Weekdone<\/title>\n<meta name=\"description\" content=\"Organisieren Sie Ihre Ziele und verbessern Sie die Zusammenarbeit in Ihrem Team mithilfe von OKR.\" \/>\n<meta name=\"robots\" content=\"index, follow, max-snippet:-1, max-image-preview:large, max-video-preview:-1\" \/>\n<link rel=\"canonical\" href=\"https:\/\/static.weekdone.com\/home\/de\/produkt\" \/>\n<meta property=\"og:locale\" content=\"de_DE\" \/>\n<meta property=\"og:type\" content=\"article\" \/>\n<meta property=\"og:title\" content=\"Hilfsmittel, um zu ermutigen und zu best\u00e4rken\" \/>\n<meta property=\"og:description\" content=\"Organisieren Sie Ihre Ziele und verbessern Sie die Zusammenarbeit in Ihrem Team mithilfe von OKR.\" \/>\n<meta property=\"og:url\" content=\"https:\/\/static.weekdone.com\/home\/de\/produkt\" \/>\n<meta property=\"og:site_name\" content=\"Weekdone\" \/>\n<meta property=\"article:publisher\" content=\"https:\/\/www.facebook.com\/weekdone\" \/>\n<meta property=\"article:modified_time\" content=\"2021-02-12T09:41:22+00:00\" \/>\n<meta property=\"og:image\" content=\"https:\/\/static.weekdone.com\/wp-content\/uploads\/2020\/10\/o-1.png\" \/>\n<meta name=\"twitter:card\" content=\"summary_large_image\" \/>\n<meta name=\"twitter:site\" content=\"@weekdone\" \/>\n<meta name=\"twitter:label1\" content=\"Gesch\u00e4tzte Lesezeit\" \/>\n\t<meta name=\"twitter:data1\" content=\"2\u00a0Minuten\" \/>\n<script type=\"application\/ld+json\" class=\"yoast-schema-graph\">{\"@context\":\"https:\\\/\\\/schema.org\",\"@graph\":[{\"@type\":\"WebPage\",\"@id\":\"https:\\\/\\\/static.weekdone.com\\\/home\\\/de\\\/produkt\",\"url\":\"https:\\\/\\\/static.weekdone.com\\\/home\\\/de\\\/produkt\",\"name\":\"Hilfsmittel, um zu ermutigen und zu best\u00e4rken &#8211; Weekdone\",\"isPartOf\":{\"@id\":\"https:\\\/\\\/static.weekdone.com\\\/home\\\/de#website\"},\"primaryImageOfPage\":{\"@id\":\"https:\\\/\\\/static.weekdone.com\\\/home\\\/de\\\/produkt#primaryimage\"},\"image\":{\"@id\":\"https:\\\/\\\/static.weekdone.com\\\/home\\\/de\\\/produkt#primaryimage\"},\"thumbnailUrl\":\"https:\\\/\\\/static.weekdone.com\\\/wp-content\\\/uploads\\\/2020\\\/10\\\/o-1.png\",\"datePublished\":\"2020-10-05T15:32:14+00:00\",\"dateModified\":\"2021-02-12T09:41:22+00:00\",\"description\":\"Organisieren Sie Ihre Ziele und verbessern Sie die Zusammenarbeit in Ihrem Team mithilfe von OKR.\",\"breadcrumb\":{\"@id\":\"https:\\\/\\\/static.weekdone.com\\\/home\\\/de\\\/produkt#breadcrumb\"},\"inLanguage\":\"de\",\"potentialAction\":[{\"@type\":\"ReadAction\",\"target\":[\"https:\\\/\\\/static.weekdone.com\\\/home\\\/de\\\/produkt\"]}]},{\"@type\":\"ImageObject\",\"inLanguage\":\"de\",\"@id\":\"https:\\\/\\\/static.weekdone.com\\\/home\\\/de\\\/produkt#primaryimage\",\"url\":\"https:\\\/\\\/static.weekdone.com\\\/wp-content\\\/uploads\\\/2020\\\/10\\\/o-1.png\",\"contentUrl\":\"https:\\\/\\\/static.weekdone.com\\\/wp-content\\\/uploads\\\/2020\\\/10\\\/o-1.png\"},{\"@type\":\"BreadcrumbList\",\"@id\":\"https:\\\/\\\/static.weekdone.com\\\/home\\\/de\\\/produkt#breadcrumb\",\"itemListElement\":[{\"@type\":\"ListItem\",\"position\":1,\"name\":\"Home\",\"item\":\"https:\\\/\\\/static.weekdone.com\\\/home\\\/de\"},{\"@type\":\"ListItem\",\"position\":2,\"name\":\"Hilfsmittel, um zu ermutigen und zu best\u00e4rken\"}]},{\"@type\":\"WebSite\",\"@id\":\"https:\\\/\\\/static.weekdone.com\\\/home\\\/de#website\",\"url\":\"https:\\\/\\\/static.weekdone.com\\\/home\\\/de\",\"name\":\"Weekdone\",\"description\":\"OKR Software for Goal Tracking and Status Reporting\",\"publisher\":{\"@id\":\"https:\\\/\\\/static.weekdone.com\\\/home\\\/de#organization\"},\"potentialAction\":[{\"@type\":\"SearchAction\",\"target\":{\"@type\":\"EntryPoint\",\"urlTemplate\":\"https:\\\/\\\/static.weekdone.com\\\/home\\\/de?s={search_term_string}\"},\"query-input\":{\"@type\":\"PropertyValueSpecification\",\"valueRequired\":true,\"valueName\":\"search_term_string\"}}],\"inLanguage\":\"de\"},{\"@type\":\"Organization\",\"@id\":\"https:\\\/\\\/static.weekdone.com\\\/home\\\/de#organization\",\"name\":\"Weekdone\",\"url\":\"https:\\\/\\\/static.weekdone.com\\\/home\\\/de\",\"logo\":{\"@type\":\"ImageObject\",\"inLanguage\":\"de\",\"@id\":\"https:\\\/\\\/static.weekdone.com\\\/home\\\/de#\\\/schema\\\/logo\\\/image\\\/\",\"url\":\"https:\\\/\\\/static.weekdone.com\\\/wp-content\\\/uploads\\\/2020\\\/10\\\/weekdone-logo-square-1-1.png\",\"contentUrl\":\"https:\\\/\\\/static.weekdone.com\\\/wp-content\\\/uploads\\\/2020\\\/10\\\/weekdone-logo-square-1-1.png\",\"width\":1024,\"height\":1024,\"caption\":\"Weekdone\"},\"image\":{\"@id\":\"https:\\\/\\\/static.weekdone.com\\\/home\\\/de#\\\/schema\\\/logo\\\/image\\\/\"},\"sameAs\":[\"https:\\\/\\\/www.facebook.com\\\/weekdone\",\"https:\\\/\\\/x.com\\\/weekdone\"]}]}<\/script>\n<!-- \/ Yoast SEO Premium plugin. -->","yoast_head_json":{"title":"Hilfsmittel, um zu ermutigen und zu best\u00e4rken &#8211; Weekdone","description":"Organisieren Sie Ihre Ziele und verbessern Sie die Zusammenarbeit in Ihrem Team mithilfe von OKR.","robots":{"index":"index","follow":"follow","max-snippet":"max-snippet:-1","max-image-preview":"max-image-preview:large","max-video-preview":"max-video-preview:-1"},"canonical":"https:\/\/static.weekdone.com\/home\/de\/produkt","og_locale":"de_DE","og_type":"article","og_title":"Hilfsmittel, um zu ermutigen und zu best\u00e4rken","og_description":"Organisieren Sie Ihre Ziele und verbessern Sie die Zusammenarbeit in Ihrem Team mithilfe von OKR.","og_url":"https:\/\/static.weekdone.com\/home\/de\/produkt","og_site_name":"Weekdone","article_publisher":"https:\/\/www.facebook.com\/weekdone","article_modified_time":"2021-02-12T09:41:22+00:00","og_image":[{"url":"https:\/\/static.weekdone.com\/wp-content\/uploads\/2020\/10\/o-1.png","type":"","width":"","height":""}],"twitter_card":"summary_large_image","twitter_site":"@weekdone","twitter_misc":{"Gesch\u00e4tzte Lesezeit":"2\u00a0Minuten"},"schema":{"@context":"https:\/\/schema.org","@graph":[{"@type":"WebPage","@id":"https:\/\/static.weekdone.com\/home\/de\/produkt","url":"https:\/\/static.weekdone.com\/home\/de\/produkt","name":"Hilfsmittel, um zu ermutigen und zu best\u00e4rken &#8211; Weekdone","isPartOf":{"@id":"https:\/\/static.weekdone.com\/home\/de#website"},"primaryImageOfPage":{"@id":"https:\/\/static.weekdone.com\/home\/de\/produkt#primaryimage"},"image":{"@id":"https:\/\/static.weekdone.com\/home\/de\/produkt#primaryimage"},"thumbnailUrl":"https:\/\/static.weekdone.com\/wp-content\/uploads\/2020\/10\/o-1.png","datePublished":"2020-10-05T15:32:14+00:00","dateModified":"2021-02-12T09:41:22+00:00","description":"Organisieren Sie Ihre Ziele und verbessern Sie die Zusammenarbeit in Ihrem Team mithilfe von OKR.","breadcrumb":{"@id":"https:\/\/static.weekdone.com\/home\/de\/produkt#breadcrumb"},"inLanguage":"de","potentialAction":[{"@type":"ReadAction","target":["https:\/\/static.weekdone.com\/home\/de\/produkt"]}]},{"@type":"ImageObject","inLanguage":"de","@id":"https:\/\/static.weekdone.com\/home\/de\/produkt#primaryimage","url":"https:\/\/static.weekdone.com\/wp-content\/uploads\/2020\/10\/o-1.png","contentUrl":"https:\/\/static.weekdone.com\/wp-content\/uploads\/2020\/10\/o-1.png"},{"@type":"BreadcrumbList","@id":"https:\/\/static.weekdone.com\/home\/de\/produkt#breadcrumb","itemListElement":[{"@type":"ListItem","position":1,"name":"Home","item":"https:\/\/static.weekdone.com\/home\/de"},{"@type":"ListItem","position":2,"name":"Hilfsmittel, um zu ermutigen und zu best\u00e4rken"}]},{"@type":"WebSite","@id":"https:\/\/static.weekdone.com\/home\/de#website","url":"https:\/\/static.weekdone.com\/home\/de","name":"Weekdone","description":"OKR Software for Goal Tracking and Status Reporting","publisher":{"@id":"https:\/\/static.weekdone.com\/home\/de#organization"},"potentialAction":[{"@type":"SearchAction","target":{"@type":"EntryPoint","urlTemplate":"https:\/\/static.weekdone.com\/home\/de?s={search_term_string}"},"query-input":{"@type":"PropertyValueSpecification","valueRequired":true,"valueName":"search_term_string"}}],"inLanguage":"de"},{"@type":"Organization","@id":"https:\/\/static.weekdone.com\/home\/de#organization","name":"Weekdone","url":"https:\/\/static.weekdone.com\/home\/de","logo":{"@type":"ImageObject","inLanguage":"de","@id":"https:\/\/static.weekdone.com\/home\/de#\/schema\/logo\/image\/","url":"https:\/\/static.weekdone.com\/wp-content\/uploads\/2020\/10\/weekdone-logo-square-1-1.png","contentUrl":"https:\/\/static.weekdone.com\/wp-content\/uploads\/2020\/10\/weekdone-logo-square-1-1.png","width":1024,"height":1024,"caption":"Weekdone"},"image":{"@id":"https:\/\/static.weekdone.com\/home\/de#\/schema\/logo\/image\/"},"sameAs":["https:\/\/www.facebook.com\/weekdone","https:\/\/x.com\/weekdone"]}]}},"_links":{"self":[{"href":"https:\/\/static.weekdone.com\/home\/de\/wp-json\/wp\/v2\/pages\/16649","targetHints":{"allow":["GET"]}}],"collection":[{"href":"https:\/\/static.weekdone.com\/home\/de\/wp-json\/wp\/v2\/pages"}],"about":[{"href":"https:\/\/static.weekdone.com\/home\/de\/wp-json\/wp\/v2\/types\/page"}],"author":[{"embeddable":true,"href":"https:\/\/static.weekdone.com\/home\/de\/wp-json\/wp\/v2\/users\/2"}],"replies":[{"embeddable":true,"href":"https:\/\/static.weekdone.com\/home\/de\/wp-json\/wp\/v2\/comments?post=16649"}],"version-history":[{"count":4,"href":"https:\/\/static.weekdone.com\/home\/de\/wp-json\/wp\/v2\/pages\/16649\/revisions"}],"predecessor-version":[{"id":20381,"href":"https:\/\/static.weekdone.com\/home\/de\/wp-json\/wp\/v2\/pages\/16649\/revisions\/20381"}],"wp:attachment":[{"href":"https:\/\/static.weekdone.com\/home\/de\/wp-json\/wp\/v2\/media?parent=16649"}],"curies":[{"name":"wp","href":"https:\/\/api.w.org\/{rel}","templated":true}]}}