{"id":15774,"date":"2020-10-06T09:26:40","date_gmt":"2020-10-06T09:26:40","guid":{"rendered":"https:\/\/static.weekdone.com\/home\/index\/"},"modified":"2022-02-09T09:00:46","modified_gmt":"2022-02-09T09:00:46","slug":"index","status":"publish","type":"page","link":"https:\/\/static.weekdone.com\/home\/es\/index","title":{"rendered":"No pierdas de vista las Metas de tu Equipo"},"content":{"rendered":"\n<p class=\"has-text-align-center has-large-font-size\">Planeaci\u00f3n Semanal + Objetivos y Resultados Claves (OKR)<\/p>\n\n\n\n<p class=\"has-text-align-center\">Establece metas estructuradas para alinear actividades a trav\u00e9s de tu organizaci\u00f3n. Da seguimiento al progreso semanal, da retroalimentaci\u00f3n y mueve a todos hacia una direcci\u00f3n unificada.<\/p>\n\n\n\n<div class=\"wp-block-buttons has-text-align-center is-horizontal is-content-justification-center is-layout-flex wp-container-core-buttons-is-layout-499968f5 wp-block-buttons-is-layout-flex\">\n<div class=\"wp-block-button\"><a class=\"wp-block-button__link\" href=\"\/register?lang=es\">Empieza<\/a><\/div>\n<\/div>\n\n\n\n<p class=\"has-text-align-center has-small-font-size\">Free for 3 users or 14 days. No credit card required.<\/p>\n\n\n\n<div class=\"wp-block-columns alignwide colored-columns is-layout-flex wp-container-core-columns-is-layout-9d6595d7 wp-block-columns-is-layout-flex\">\n<div class=\"wp-block-column red is-layout-flow wp-block-column-is-layout-flow\" style=\"flex-basis:25%\">\n<h3 class=\"wp-block-heading\" id=\"h-objetivos-trimestrales\">Objetivos <br>Trimestrales<\/h3>\n\n\n\n<figure class=\"wp-block-image size-large\"><img loading=\"lazy\" decoding=\"async\" width=\"187\" height=\"127\" src=\"https:\/\/static.weekdone.com\/wp-content\/uploads\/\/2020\/10\/feature-okr.svg\" alt=\"\" class=\"wp-image-188\"\/><\/figure>\n\n\n\n<p>Organiza tus metas y mejora la coordinaci\u00f3n del equipo con Objetivos y Resultados clave<\/p>\n<\/div>\n\n\n\n<div class=\"wp-block-column amber is-layout-flow wp-block-column-is-layout-flow\" style=\"flex-basis:25%\">\n<h3 class=\"wp-block-heading\" id=\"h-planeaci-n-semanal\">Planeaci\u00f3n <br>Semanal<\/h3>\n\n\n\n<figure class=\"wp-block-image size-large\"><img loading=\"lazy\" decoding=\"async\" width=\"187\" height=\"133\" src=\"https:\/\/static.weekdone.com\/wp-content\/uploads\/\/2020\/10\/feature-ppp.svg\" alt=\"\" class=\"wp-image-197\"\/><\/figure>\n\n\n\n<p>Da seguimiento a actividades semanales para crear equipos m\u00e1s visibles e interconectados<\/p>\n<\/div>\n\n\n\n<div class=\"wp-block-column green is-layout-flow wp-block-column-is-layout-flow\" style=\"flex-basis:25%\">\n<h3 class=\"wp-block-heading\" id=\"h-1-a-1-s\">1-a-1 &#8216;s<\/h3>\n\n\n\n<figure class=\"wp-block-image size-large\"><img loading=\"lazy\" decoding=\"async\" width=\"197\" height=\"139\" src=\"https:\/\/static.weekdone.com\/wp-content\/uploads\/\/2020\/10\/feature-1on1.svg\" alt=\"\" class=\"wp-image-206\"\/><\/figure>\n\n\n\n<p>Apoya y gu\u00eda a tu equipo con discusiones personalizadas<\/p>\n<\/div>\n\n\n\n<div class=\"wp-block-column cyan is-layout-flow wp-block-column-is-layout-flow\" style=\"flex-basis:25%\">\n<h3 class=\"wp-block-heading\" id=\"h-retroalimentaci-n-y-reconocimiento\">Retroalimentaci\u00f3n y Reconocimiento<\/h3>\n\n\n\n<figure class=\"wp-block-image size-large\"><img loading=\"lazy\" decoding=\"async\" width=\"188\" height=\"138\" src=\"https:\/\/static.weekdone.com\/wp-content\/uploads\/\/2020\/10\/feature-feedback.svg\" alt=\"\" class=\"wp-image-215\"\/><\/figure>\n\n\n\n<p>Halaga el progreso hacia los goles y eleva la moral con reconocimiento<\/p>\n<\/div>\n<\/div>\n\n\n\n<div class=\"wp-block-coblocks-logos\"><div class=\"wp-block-coblocks-logos__row\"><div style=\"width:14.285714285714286%\"><img decoding=\"async\" src=\"https:\/\/static.weekdone.com\/wp-content\/uploads\/2020\/10\/deverus.svg\" alt=\"\" data-id=\"555\" data-width=\"14.285714285714286%\"><\/div><div style=\"width:14.285714285714286%\"><img decoding=\"async\" src=\"https:\/\/static.weekdone.com\/wp-content\/uploads\/2020\/10\/ebury.svg\" alt=\"\" data-id=\"564\" data-width=\"14.285714285714286%\"><\/div><div style=\"width:14.285714285714286%\"><img decoding=\"async\" src=\"https:\/\/static.weekdone.com\/wp-content\/uploads\/2020\/10\/exxact.svg\" alt=\"\" data-id=\"573\" data-width=\"14.285714285714286%\"><\/div><\/div><div class=\"wp-block-coblocks-logos__row\"><div style=\"width:14.285714285714286%\"><img decoding=\"async\" src=\"https:\/\/static.weekdone.com\/wp-content\/uploads\/2020\/10\/humanitec.svg\" alt=\"\" data-id=\"582\" data-width=\"14.285714285714286%\"><\/div><div style=\"width:14.285714285714286%\"><img decoding=\"async\" src=\"https:\/\/static.weekdone.com\/wp-content\/uploads\/\/2020\/10\/mavrck.svg\" alt=\"\" data-id=\"591\" data-width=\"14.285714285714286%\"><\/div><div style=\"width:14.285714285714286%\"><img decoding=\"async\" src=\"https:\/\/static.weekdone.com\/wp-content\/uploads\/2020\/10\/wholefoods.svg\" alt=\"\" data-id=\"600\" data-width=\"14.285714285714286%\"><\/div><\/div><div class=\"wp-block-coblocks-logos__row\"><div style=\"width:14.285714285714286%\"><img decoding=\"async\" src=\"https:\/\/static.weekdone.com\/wp-content\/uploads\/2020\/10\/zlien.svg\" alt=\"\" data-id=\"609\" data-width=\"14.285714285714286%\"><\/div><\/div><\/div>\n\n\n\n<h2 class=\"has-text-align-center wp-block-heading\" id=\"h-ataquemos-los-problemas-de-tu-equipo\">Ataquemos los Problemas de tu Equipo<\/h2>\n\n\n\n<div class=\"wp-block-columns alignwide colored-columns is-layout-flex wp-container-core-columns-is-layout-9d6595d7 wp-block-columns-is-layout-flex\">\n<div class=\"wp-block-column red is-layout-flow wp-block-column-is-layout-flow\">\n<h3 class=\"wp-block-heading\" id=\"h-las-herramientas-viejas-fallan\"><a href=\"https:\/\/blog.weekdone.com\/exxact-corporation-simplifies-with-goal-setting\/\">Las herramientas viejas fallan&nbsp;<\/a><\/h3>\n\n\n\n<blockquote class=\"wp-block-quote is-layout-flow wp-block-quote-is-layout-flow\"><p>Antes b\u00e1sicamente eran documentos de Word o Excel. No era transparente y sent\u00eda que muchas personas que deb\u00edan leerlos, no lo hac\u00edan. Creo que Weekdone ayuda mucho con eso.<\/p><cite>Michael Hwang, Gerente de Mercadotecnia<\/cite><\/blockquote>\n<\/div>\n\n\n\n<div class=\"wp-block-column amber is-layout-flow wp-block-column-is-layout-flow\">\n<h3 class=\"wp-block-heading\" id=\"h-un-equipo-en-crecimiento\"><a href=\"https:\/\/blog.weekdone.com\/how-zlien-manages-their-company-objectives-with-weekdone-case-study\/\">Un equipo en crecimiento<\/a><\/h3>\n\n\n\n<blockquote class=\"wp-block-quote is-layout-flow wp-block-quote-is-layout-flow\"><p>Llegamos a un punto escalando donde no pod\u00edamos estar a la par con todos. Me gusta Weekdone por la visi\u00f3n que te provee sobre toda la compa\u00f1\u00eda. Adem\u00e1s de la habilidad de sincronizar tu trabajo con otros equipos.<\/p><cite>Brais Suarez, Gerente de Mercadotecnia<\/cite><\/blockquote>\n<\/div>\n\n\n\n<div class=\"wp-block-column green is-layout-flow wp-block-column-is-layout-flow\">\n<h3 class=\"wp-block-heading\" id=\"h-everything-s-a-mess\"><a href=\"https:\/\/blog.weekdone.com\/humanitec-creates-alignment-objectives-key-results\/\">Everything&#8217;s a Mess<\/a><\/h3>\n\n\n\n<blockquote class=\"wp-block-quote is-layout-flow wp-block-quote-is-layout-flow\"><p>El beneficio claro de Weekdone es que estamos m\u00e1s alineados, estructurados y las personas se sienten m\u00e1s conectadas.<\/p><cite>Kaspar von Gr\u00fcnberg, CEO<\/cite><\/blockquote>\n<\/div>\n<\/div>\n\n\n\n<h2 class=\"has-text-align-center wp-block-heading\" id=\"h-el-flujo-al-xito\">El flujo al \u00e9xito<\/h2>\n\n\n\n<div class=\"flow alignwide\" id=\"flowchart\">\n    <ul class=\"flow__header\">\n        <li>Trimestre<\/li>\n        <li>Semanal<\/li>\n        <li>Diario<\/li>\n        <li>Seg\u00fan sea necesario<\/li>\n    <\/ul>\n    <ul class=\"flow__steps\">\n        <li class=\"flow__step flow__step--1\">\n            <span>1<\/span>\n             Establecer metas trimestrales\n            <img decoding=\"async\" src=\"https:\/\/www.weekdone.com\/landing\/img\/smile.svg\">\n        <\/li>\n        <li class=\"flow__step flow__step--2\">\n            <span>2<\/span>\n            Planea tu semana\n            <img decoding=\"async\" src=\"https:\/\/www.weekdone.com\/landing\/img\/wink.svg\">\n        <\/li>\n        <li class=\"flow__step flow__step--3\">\n            <span>3<\/span>\n            Comparte progreso\n            <img decoding=\"async\" src=\"https:\/\/www.weekdone.com\/landing\/img\/laugh.svg\">\n        <\/li>\n        <li class=\"flow__step flow__step--4\">\n            <span>4<\/span>\n            Dar retroalimentaci\u00f3n\n            <img decoding=\"async\" src=\"https:\/\/www.weekdone.com\/landing\/img\/happy.svg\">\n        <\/li>\n        <li class=\"flow__step flow__step--5\">\n            <span>5<\/span>\n            Obt\u00e9n reportes regulares\n            <img decoding=\"async\" src=\"https:\/\/www.weekdone.com\/landing\/img\/heart.svg\">\n        <\/li>\n    <\/ul>\n<\/div>\n\n\n\n<h2 class=\"has-text-align-center wp-block-heading\" id=\"h-s-lo-las-mejores-pr-cticas-para-ti\">S\u00f3lo las Mejores Pr\u00e1cticas para Ti<\/h2>\n\n\n\n<div class=\"wp-block-media-text alignwide is-stacked-on-mobile bluebar\"><figure class=\"wp-block-media-text__media\"><img loading=\"lazy\" decoding=\"async\" width=\"1280\" height=\"1024\" src=\"https:\/\/static.weekdone.com\/wp-content\/uploads\/\/2020\/10\/okr.svg\" alt=\"\" class=\"wp-image-134 size-full\"\/><\/figure><div class=\"wp-block-media-text__content\">\n<h3 class=\"red wp-block-heading\" id=\"h-qu-son-los-objetivos-y-resultados-clave\">\u00bfQu\u00e9 son los Objetivos y Resultados Clave?<\/h3>\n\n\n\n<p>Objetivos y resultados clave (o OKR) es una t\u00e9cnica popular para establecer metas dentro de las organizaciones. Su uso principal es para conectar los objetivos de la empresa a resultados medibles. OKR\nla metodolog\u00eda es utilizada por las empresas como Google, LinkedIn y Twitter para ayudar gestionar sus equipos y alcanzar sus objetivos.<\/p>\n<\/div><\/div>\n\n\n\n<div class=\"wp-block-media-text alignwide has-media-on-the-right is-stacked-on-mobile bluebar\"><figure class=\"wp-block-media-text__media\"><img loading=\"lazy\" decoding=\"async\" width=\"1280\" height=\"1024\" src=\"https:\/\/static.weekdone.com\/wp-content\/uploads\/\/2020\/10\/ppp.svg\" alt=\"\" class=\"wp-image-143 size-full\"\/><\/figure><div class=\"wp-block-media-text__content\">\n<h3 class=\"wp-block-heading\" id=\"h-qu-es-el-reportaje-ppp\">\u00bfQu\u00e9 es el reportaje PPP?<\/h3>\n\n\n\n<p>PPP &#8211; Planes, Progreso, Problemas &#8211; es una t\u00e9cnica probada para la planificaci\u00f3n semanal del equipo y los informes de estado. Los registros semanales y las reuniones de estado se utilizan en empresas como Google, Skype y eBay para aumentar el enfoque, agregar transparencia y realizar un seguimiento de los logros.<\/p>\n<\/div><\/div>\n\n\n\n<div class=\"wp-block-buttons has-text-align-center is-layout-flex wp-block-buttons-is-layout-flex\">\n<div class=\"wp-block-button\"><a class=\"wp-block-button__link\" href=\"\/register?lang=es\">Empieza<\/a><\/div>\n<\/div>\n","protected":false},"excerpt":{"rendered":"<p>Planeaci\u00f3n Semanal + Objetivos y Resultados Claves (OKR) Establece metas estructuradas para alinear actividades a trav\u00e9s de tu organizaci\u00f3n. Da seguimiento al progreso semanal, da retroalimentaci\u00f3n y mueve a todos hacia una direcci\u00f3n unificada. Free for 3 users or 14 days. No credit card required. Objetivos Trimestrales Organiza tus metas y mejora la coordinaci\u00f3n del [&hellip;]<\/p>\n","protected":false},"author":2,"featured_media":0,"parent":0,"menu_order":0,"comment_status":"closed","ping_status":"closed","template":"","meta":{"_acf_changed":false,"om_disable_all_campaigns":false,"inline_featured_image":false,"footnotes":""},"class_list":["post-15774","page","type-page","status-publish","hentry"],"acf":[],"yoast_head":"<!-- This site is optimized with the Yoast SEO Premium plugin v24.4 (Yoast SEO v27.3) - https:\/\/yoast.com\/product\/yoast-seo-premium-wordpress\/ -->\n<title>No pierdas de vista las Metas de tu Equipo &#8211; Weekdone<\/title>\n<meta name=\"description\" content=\"Consigue autom\u00e1ticamente planes, progresos y problemas de los miembros del equipo. Dales retroalimentaci\u00f3n y redacta res\u00famenes.\" \/>\n<meta name=\"robots\" content=\"index, follow, max-snippet:-1, max-image-preview:large, max-video-preview:-1\" \/>\n<link rel=\"canonical\" href=\"https:\/\/static.weekdone.com\/home\/es\/index\" \/>\n<meta property=\"og:locale\" content=\"es_ES\" \/>\n<meta property=\"og:type\" content=\"article\" \/>\n<meta property=\"og:title\" content=\"No pierdas de vista las Metas de tu Equipo\" \/>\n<meta property=\"og:description\" content=\"Consigue autom\u00e1ticamente planes, progresos y problemas de los miembros del equipo. Dales retroalimentaci\u00f3n y redacta res\u00famenes.\" \/>\n<meta property=\"og:url\" content=\"https:\/\/static.weekdone.com\/home\/es\/index\" \/>\n<meta property=\"og:site_name\" content=\"Weekdone\" \/>\n<meta property=\"article:publisher\" content=\"https:\/\/www.facebook.com\/weekdone\" \/>\n<meta property=\"article:modified_time\" content=\"2022-02-09T09:00:46+00:00\" \/>\n<meta property=\"og:image\" content=\"https:\/\/static.weekdone.com\/wp-content\/uploads\/2020\/10\/screen-dash.png\" \/>\n\t<meta property=\"og:image:width\" content=\"1175\" \/>\n\t<meta property=\"og:image:height\" content=\"969\" \/>\n\t<meta property=\"og:image:type\" content=\"image\/png\" \/>\n<meta name=\"twitter:card\" content=\"summary_large_image\" \/>\n<meta name=\"twitter:site\" content=\"@weekdone\" \/>\n<meta name=\"twitter:label1\" content=\"Tiempo de lectura\" \/>\n\t<meta name=\"twitter:data1\" content=\"2 minutos\" \/>\n<script type=\"application\/ld+json\" class=\"yoast-schema-graph\">{\"@context\":\"https:\\\/\\\/schema.org\",\"@graph\":[{\"@type\":\"WebPage\",\"@id\":\"https:\\\/\\\/static.weekdone.com\\\/home\\\/es\\\/index\",\"url\":\"https:\\\/\\\/static.weekdone.com\\\/home\\\/es\\\/index\",\"name\":\"No pierdas de vista las Metas de tu Equipo &#8211; Weekdone\",\"isPartOf\":{\"@id\":\"https:\\\/\\\/static.weekdone.com\\\/home\\\/es#website\"},\"primaryImageOfPage\":{\"@id\":\"https:\\\/\\\/static.weekdone.com\\\/home\\\/es\\\/index#primaryimage\"},\"image\":{\"@id\":\"https:\\\/\\\/static.weekdone.com\\\/home\\\/es\\\/index#primaryimage\"},\"thumbnailUrl\":\"https:\\\/\\\/static.weekdone.com\\\/wp-content\\\/uploads\\\/\\\/2020\\\/10\\\/feature-okr.svg\",\"datePublished\":\"2020-10-06T09:26:40+00:00\",\"dateModified\":\"2022-02-09T09:00:46+00:00\",\"description\":\"Consigue autom\u00e1ticamente planes, progresos y problemas de los miembros del equipo. Dales retroalimentaci\u00f3n y redacta res\u00famenes.\",\"breadcrumb\":{\"@id\":\"https:\\\/\\\/static.weekdone.com\\\/home\\\/es\\\/index#breadcrumb\"},\"inLanguage\":\"es\",\"potentialAction\":[{\"@type\":\"ReadAction\",\"target\":[\"https:\\\/\\\/static.weekdone.com\\\/home\\\/es\\\/index\"]}]},{\"@type\":\"ImageObject\",\"inLanguage\":\"es\",\"@id\":\"https:\\\/\\\/static.weekdone.com\\\/home\\\/es\\\/index#primaryimage\",\"url\":\"https:\\\/\\\/static.weekdone.com\\\/wp-content\\\/uploads\\\/\\\/2020\\\/10\\\/feature-okr.svg\",\"contentUrl\":\"https:\\\/\\\/static.weekdone.com\\\/wp-content\\\/uploads\\\/\\\/2020\\\/10\\\/feature-okr.svg\"},{\"@type\":\"BreadcrumbList\",\"@id\":\"https:\\\/\\\/static.weekdone.com\\\/home\\\/es\\\/index#breadcrumb\",\"itemListElement\":[{\"@type\":\"ListItem\",\"position\":1,\"name\":\"Home\",\"item\":\"https:\\\/\\\/static.weekdone.com\\\/home\\\/es\"},{\"@type\":\"ListItem\",\"position\":2,\"name\":\"No pierdas de vista las Metas de tu Equipo\"}]},{\"@type\":\"WebSite\",\"@id\":\"https:\\\/\\\/static.weekdone.com\\\/home\\\/es#website\",\"url\":\"https:\\\/\\\/static.weekdone.com\\\/home\\\/es\",\"name\":\"Weekdone\",\"description\":\"OKR Software for Goal Tracking and Status Reporting\",\"publisher\":{\"@id\":\"https:\\\/\\\/static.weekdone.com\\\/home\\\/es#organization\"},\"potentialAction\":[{\"@type\":\"SearchAction\",\"target\":{\"@type\":\"EntryPoint\",\"urlTemplate\":\"https:\\\/\\\/static.weekdone.com\\\/home\\\/es?s={search_term_string}\"},\"query-input\":{\"@type\":\"PropertyValueSpecification\",\"valueRequired\":true,\"valueName\":\"search_term_string\"}}],\"inLanguage\":\"es\"},{\"@type\":\"Organization\",\"@id\":\"https:\\\/\\\/static.weekdone.com\\\/home\\\/es#organization\",\"name\":\"Weekdone\",\"url\":\"https:\\\/\\\/static.weekdone.com\\\/home\\\/es\",\"logo\":{\"@type\":\"ImageObject\",\"inLanguage\":\"es\",\"@id\":\"https:\\\/\\\/static.weekdone.com\\\/home\\\/es#\\\/schema\\\/logo\\\/image\\\/\",\"url\":\"https:\\\/\\\/static.weekdone.com\\\/wp-content\\\/uploads\\\/2020\\\/10\\\/weekdone-logo-square-1-1.png\",\"contentUrl\":\"https:\\\/\\\/static.weekdone.com\\\/wp-content\\\/uploads\\\/2020\\\/10\\\/weekdone-logo-square-1-1.png\",\"width\":1024,\"height\":1024,\"caption\":\"Weekdone\"},\"image\":{\"@id\":\"https:\\\/\\\/static.weekdone.com\\\/home\\\/es#\\\/schema\\\/logo\\\/image\\\/\"},\"sameAs\":[\"https:\\\/\\\/www.facebook.com\\\/weekdone\",\"https:\\\/\\\/x.com\\\/weekdone\"]}]}<\/script>\n<!-- \/ Yoast SEO Premium plugin. -->","yoast_head_json":{"title":"No pierdas de vista las Metas de tu Equipo &#8211; Weekdone","description":"Consigue autom\u00e1ticamente planes, progresos y problemas de los miembros del equipo. Dales retroalimentaci\u00f3n y redacta res\u00famenes.","robots":{"index":"index","follow":"follow","max-snippet":"max-snippet:-1","max-image-preview":"max-image-preview:large","max-video-preview":"max-video-preview:-1"},"canonical":"https:\/\/static.weekdone.com\/home\/es\/index","og_locale":"es_ES","og_type":"article","og_title":"No pierdas de vista las Metas de tu Equipo","og_description":"Consigue autom\u00e1ticamente planes, progresos y problemas de los miembros del equipo. Dales retroalimentaci\u00f3n y redacta res\u00famenes.","og_url":"https:\/\/static.weekdone.com\/home\/es\/index","og_site_name":"Weekdone","article_publisher":"https:\/\/www.facebook.com\/weekdone","article_modified_time":"2022-02-09T09:00:46+00:00","og_image":[{"width":1175,"height":969,"url":"https:\/\/static.weekdone.com\/wp-content\/uploads\/2020\/10\/screen-dash.png","type":"image\/png"}],"twitter_card":"summary_large_image","twitter_site":"@weekdone","twitter_misc":{"Tiempo de lectura":"2 minutos"},"schema":{"@context":"https:\/\/schema.org","@graph":[{"@type":"WebPage","@id":"https:\/\/static.weekdone.com\/home\/es\/index","url":"https:\/\/static.weekdone.com\/home\/es\/index","name":"No pierdas de vista las Metas de tu Equipo &#8211; Weekdone","isPartOf":{"@id":"https:\/\/static.weekdone.com\/home\/es#website"},"primaryImageOfPage":{"@id":"https:\/\/static.weekdone.com\/home\/es\/index#primaryimage"},"image":{"@id":"https:\/\/static.weekdone.com\/home\/es\/index#primaryimage"},"thumbnailUrl":"https:\/\/static.weekdone.com\/wp-content\/uploads\/\/2020\/10\/feature-okr.svg","datePublished":"2020-10-06T09:26:40+00:00","dateModified":"2022-02-09T09:00:46+00:00","description":"Consigue autom\u00e1ticamente planes, progresos y problemas de los miembros del equipo. Dales retroalimentaci\u00f3n y redacta res\u00famenes.","breadcrumb":{"@id":"https:\/\/static.weekdone.com\/home\/es\/index#breadcrumb"},"inLanguage":"es","potentialAction":[{"@type":"ReadAction","target":["https:\/\/static.weekdone.com\/home\/es\/index"]}]},{"@type":"ImageObject","inLanguage":"es","@id":"https:\/\/static.weekdone.com\/home\/es\/index#primaryimage","url":"https:\/\/static.weekdone.com\/wp-content\/uploads\/\/2020\/10\/feature-okr.svg","contentUrl":"https:\/\/static.weekdone.com\/wp-content\/uploads\/\/2020\/10\/feature-okr.svg"},{"@type":"BreadcrumbList","@id":"https:\/\/static.weekdone.com\/home\/es\/index#breadcrumb","itemListElement":[{"@type":"ListItem","position":1,"name":"Home","item":"https:\/\/static.weekdone.com\/home\/es"},{"@type":"ListItem","position":2,"name":"No pierdas de vista las Metas de tu Equipo"}]},{"@type":"WebSite","@id":"https:\/\/static.weekdone.com\/home\/es#website","url":"https:\/\/static.weekdone.com\/home\/es","name":"Weekdone","description":"OKR Software for Goal Tracking and Status Reporting","publisher":{"@id":"https:\/\/static.weekdone.com\/home\/es#organization"},"potentialAction":[{"@type":"SearchAction","target":{"@type":"EntryPoint","urlTemplate":"https:\/\/static.weekdone.com\/home\/es?s={search_term_string}"},"query-input":{"@type":"PropertyValueSpecification","valueRequired":true,"valueName":"search_term_string"}}],"inLanguage":"es"},{"@type":"Organization","@id":"https:\/\/static.weekdone.com\/home\/es#organization","name":"Weekdone","url":"https:\/\/static.weekdone.com\/home\/es","logo":{"@type":"ImageObject","inLanguage":"es","@id":"https:\/\/static.weekdone.com\/home\/es#\/schema\/logo\/image\/","url":"https:\/\/static.weekdone.com\/wp-content\/uploads\/2020\/10\/weekdone-logo-square-1-1.png","contentUrl":"https:\/\/static.weekdone.com\/wp-content\/uploads\/2020\/10\/weekdone-logo-square-1-1.png","width":1024,"height":1024,"caption":"Weekdone"},"image":{"@id":"https:\/\/static.weekdone.com\/home\/es#\/schema\/logo\/image\/"},"sameAs":["https:\/\/www.facebook.com\/weekdone","https:\/\/x.com\/weekdone"]}]}},"_links":{"self":[{"href":"https:\/\/static.weekdone.com\/home\/es\/wp-json\/wp\/v2\/pages\/15774","targetHints":{"allow":["GET"]}}],"collection":[{"href":"https:\/\/static.weekdone.com\/home\/es\/wp-json\/wp\/v2\/pages"}],"about":[{"href":"https:\/\/static.weekdone.com\/home\/es\/wp-json\/wp\/v2\/types\/page"}],"author":[{"embeddable":true,"href":"https:\/\/static.weekdone.com\/home\/es\/wp-json\/wp\/v2\/users\/2"}],"replies":[{"embeddable":true,"href":"https:\/\/static.weekdone.com\/home\/es\/wp-json\/wp\/v2\/comments?post=15774"}],"version-history":[{"count":22,"href":"https:\/\/static.weekdone.com\/home\/es\/wp-json\/wp\/v2\/pages\/15774\/revisions"}],"predecessor-version":[{"id":25726,"href":"https:\/\/static.weekdone.com\/home\/es\/wp-json\/wp\/v2\/pages\/15774\/revisions\/25726"}],"wp:attachment":[{"href":"https:\/\/static.weekdone.com\/home\/es\/wp-json\/wp\/v2\/media?parent=15774"}],"curies":[{"name":"wp","href":"https:\/\/api.w.org\/{rel}","templated":true}]}}