{"id":16538,"date":"2020-10-06T09:38:00","date_gmt":"2020-10-06T09:38:00","guid":{"rendered":"https:\/\/static.weekdone.com\/home\/prices"},"modified":"2021-04-14T11:19:09","modified_gmt":"2021-04-14T11:19:09","slug":"precios","status":"publish","type":"page","link":"https:\/\/static.weekdone.com\/home\/es\/precios","title":{"rendered":"Precios"},"content":{"rendered":"\n<p class=\"has-text-align-center has-text-color has-larger-font-size\" style=\"color:#ffc400\"><strong><strong>Empieza gratis. Convi\u00e9rtete en premium cuando est\u00e9s listo.<\/strong><\/strong><\/p>\n\n\n\n<p class=\"has-text-align-center has-small-font-size\">Gratis hasta para 3 usuarios. Prueba gratuita durante 15 d\u00edas. No se requiere tarjeta de cr\u00e9dito.<\/p>\n\n\n\n<p class=\"has-text-align-center has-large-font-size\">\u00bfCu\u00e1ntas personas tienes en tu empresa?<\/p>\n\n\n\n<script src=\"\/prices-js?lang=es\"><\/script>\n\n\n\n<form method=\"post\" id=\"prices\">\n<fieldset class=\"form-horizontal\">\n<legend class=\"center\"><span class=\"control-label\">\u00bfCu\u00e1ntas personas tienes en tu empresa? <\/span> personas \n<div class=\"labels\">\n<label><input type=\"radio\" name=\"period\" value=\"year_\" class=\"checkbox period_select\" checked=\"\" id=\"year_\"> <span>Anual<\/span><\/label>\n<label><input type=\"radio\" name=\"period\" value=\"\" class=\"checkbox period_select\"> <span>Mensual<\/span><\/label>\n<\/div><\/legend>\n<div class=\"control-group\">\n<div class=\"controls\">\n<div class=\"range-steps\"><\/div>\n<input type=\"range\" min=\"1\" max=\"21\" step=\"1\" value=\"1\" id=\"numpeople\">\n<div class=\"range-thumb\">\n<img decoding=\"async\" src=\"https:\/\/static.weekdone.com\/wp-content\/themes\/WK\/assets\/images\/1f600.svg\">\n<\/div>\n<\/div>\n<\/div>\n<select id=\"people\" style=\"display:none\" ;=\"\">\n<option value=\"3\">1-3<\/option>\n<option value=\"10\">4-10<\/option>\n<option value=\"15\">11-15<\/option>\n<option value=\"20\">16-20<\/option>\n<option value=\"30\">21-30<\/option>\n<option value=\"40\">31-40<\/option>\n<option value=\"50\">41-50<\/option>\n<option value=\"60\">51-60<\/option>\n<option value=\"70\">61-70<\/option>\n<option value=\"80\">71-80<\/option>\n<option value=\"90\">81-90<\/option>\n<option value=\"100\">91-100<\/option>\n<option value=\"125\">101-125<\/option>\n<option value=\"150\">126-150<\/option>\n<option value=\"175\">151-175<\/option>\n<option value=\"200\">176-200<\/option>\n<option value=\"250\">201-250<\/option>\n<option value=\"300\">251-300<\/option>\n<option value=\"350\">301-350<\/option>\n<option value=\"400\" selected=\"\">351-400<\/option>\n<option value=\"500\">M\u00e1s de 500<\/option>\n<\/select>\n<p id=\"ppu\" class=\"has-large-font-size\"><span id=\"price_per_user\">Gratis<\/span>\n<\/p><p id=\"price\" class=\"has-small-font-size\"><\/p>\n\n<div id=\"saving_1\"><span class=\"alert alert-success hidden\"><i class=\"fa fa-check-circle\"><\/i> <b>SAVE $2160 per year paying annually<\/b><\/span><\/div>\n\n<div id=\"action_1\"><\/div>\n\n<div class=\"flex\">\n\n<div class=\"hidden\">\n<a href=\"#\">Update payment info<\/a>\n<\/div>\n<div class=\"hidden\">\n<a href=\"#\" onclick=\"if(confirm('Please confirm you wish to cancel your subscription')) document.location='\/prices?act=cancel&amp;token=759bbad951b51cdbeeaf6c5d85d9794b'; return false;\" class=\"btn btn-primary\" type=\"submit\">Cancel subscription<\/a>\n<\/div>\n<div>\n<input class=\"hidden\" id=\"discounttext\" name=\"code\" type=\"text\" placeholder=\"C\u00f3digo de descuento\">\n<\/div>\n<\/div>\n<\/fieldset>\n<\/form>\n\n\n\n<div class=\"wp-block-buttons is-content-justification-center is-layout-flex wp-block-buttons-is-layout-flex\">\n<div class=\"wp-block-button\"><a class=\"wp-block-button__link\" href=\"\/register?lang=es\">Prueba gratis<\/a><\/div>\n<\/div>\n\n\n\n<div class=\"wp-block-columns is-layout-flex wp-container-core-columns-is-layout-9d6595d7 wp-block-columns-is-layout-flex\">\n<div class=\"wp-block-column is-layout-flow wp-block-column-is-layout-flow\">\n<h4 class=\"has-text-align-center has-text-color wp-block-heading\" id=\"h-entrenamiento-de-orc-en-ingl-s\" style=\"color:#ffc400\">Entrenamiento de ORC <br>(en ingl\u00e9s)<\/h4>\n\n\n\n<p><i class=\"fas fa-check\" style=\"color:#ffc400;\"><\/i> Tu entrenador personal dedicado de ORC<\/p>\n\n\n\n<p><i class=\"fas fa-check\" style=\"color:#ffc400;\"><\/i> Soporte de chat en vivo\n<\/p>\n\n\n\n<p><i class=\"fas fa-check\" style=\"color:#ffc400;\"><\/i> Configuraci\u00f3n e incorporaci\u00f3n de la cuenta\n<\/p>\n\n\n\n<p><i class=\"fas fa-check\" style=\"color:#ffc400;\"><\/i> Entrenamientos de equipo<\/p>\n\n\n\n<p><i class=\"fas fa-check\" style=\"color:#ffc400;\"><\/i> Seminarios web en vivo<\/p>\n\n\n\n<p><i class=\"fas fa-check\" style=\"color:#ffc400;\"><\/i> Revisiones de ORC trimestrales personalizadas<\/p>\n\n\n\n<p><a href=\"\/onboarding\">Ver plan de formaci\u00f3n completo <\/a><br><a href=\"\/onboarding\">(en ingl\u00e9s)<\/a><\/p>\n<\/div>\n\n\n\n<div class=\"wp-block-column is-layout-flow wp-block-column-is-layout-flow\">\n<h4 class=\"has-text-align-center has-text-color wp-block-heading\" id=\"h-funciones-principales\" style=\"color:#00e676\">Funciones principales<\/h4>\n\n\n\n<p><i class=\"fas fa-check\" style=\"color:#00e676;\"><\/i> ORCs y planificaci\u00f3n semanal<\/p>\n\n\n\n<p><i class=\"fas fa-check\" style=\"color:#00e676;\"><\/i> Conversaciones, Comentarios y Reconocimiento (CCR)<\/p>\n\n\n\n<p><i class=\"fas fa-check\" style=\"color:#00e676;\"><\/i> Paneles claros y desgloses de progreso por usuario<\/p>\n\n\n\n<p><i class=\"fas fa-check\" style=\"color:#00e676;\"><\/i> Verdadera alineaci\u00f3n ORC (de arriba hacia abajo o de abajo hacia arriba)<\/p>\n\n\n\n<p><i class=\"fas fa-check\" style=\"color:#00e676;\"><\/i> Paneles de TV de la Empresa e Informes Personalizados<\/p>\n\n\n\n<p><a href=\"\/product\">Lee m\u00e1s en nuestra p\u00e1gina de productos.<\/a><\/p>\n<\/div>\n\n\n\n<div class=\"wp-block-column is-layout-flow wp-block-column-is-layout-flow\">\n<h4 class=\"has-text-align-center has-text-color wp-block-heading\" id=\"h-integraciones\" style=\"color:#00e5ff\">Integraciones<\/h4>\n\n\n\n<p><i class=\"fas fa-check\" style=\"color:#00e5ff;\"><\/i> Equipos de Slack y Microsoft<\/p>\n\n\n\n<p><i class=\"fas fa-check\" style=\"color:#00e5ff;\"><\/i> Jira y Asana<\/p>\n\n\n\n<p><i class=\"fas fa-check\" style=\"color:#00e5ff;\"><\/i> Basecamp<\/p>\n\n\n\n<p><i class=\"fas fa-check\" style=\"color:#00e5ff;\"><\/i> Tareas de Google<\/p>\n\n\n\n<p><i class=\"fas fa-check\" style=\"color:#00e5ff;\"><\/i> M\u00e1s de 1.500 integraciones a trav\u00e9s de Zapier\n<\/p>\n\n\n\n<p><i class=\"fas fa-check\" style=\"color:#00e5ff;\"><\/i> Posibilidad SSO<\/p>\n\n\n\n<p><i class=\"fas fa-check\" style=\"color:#00e5ff;\"><\/i> Acceso a API personalizado\n<\/p>\n\n\n\n<p><a href=\"\/integrations\">M\u00e1s informaci\u00f3n sobre integraciones <\/a><br><a href=\"\/integrations\">(en ingl\u00e9s)<\/a>.<\/p>\n<\/div>\n<\/div>\n\n\n\n<div class=\"wp-block-columns is-layout-flex wp-container-core-columns-is-layout-9d6595d7 wp-block-columns-is-layout-flex\">\n<div class=\"wp-block-column is-layout-flow wp-block-column-is-layout-flow\">\n<div class=\"wp-block-image\"><figure class=\"aligncenter size-large\"><img loading=\"lazy\" decoding=\"async\" width=\"328\" height=\"88\" src=\"https:\/\/static.weekdone.com\/wp-content\/uploads\/braintree-badge-light.png\" alt=\"BrainTree\" class=\"wp-image-1152\" srcset=\"https:\/\/static.weekdone.com\/wp-content\/uploads\/braintree-badge-light.png 328w, https:\/\/static.weekdone.com\/wp-content\/uploads\/braintree-badge-light-300x80.png 300w\" sizes=\"auto, (max-width: 328px) 100vw, 328px\" \/><\/figure><\/div>\n<\/div>\n\n\n\n<div class=\"wp-block-column is-layout-flow wp-block-column-is-layout-flow\">\n<div class=\"wp-block-image\"><figure class=\"aligncenter size-large\"><img loading=\"lazy\" decoding=\"async\" width=\"1024\" height=\"301\" src=\"https:\/\/static.weekdone.com\/wp-content\/uploads\/\/le-logo-wide-1024x301.png\" alt=\"Let's Encrypt\" class=\"wp-image-1154\" srcset=\"https:\/\/static.weekdone.com\/wp-content\/uploads\/le-logo-wide-1024x301.png 1024w, https:\/\/static.weekdone.com\/wp-content\/uploads\/le-logo-wide-300x88.png 300w, https:\/\/static.weekdone.com\/wp-content\/uploads\/le-logo-wide-768x226.png 768w, https:\/\/static.weekdone.com\/wp-content\/uploads\/le-logo-wide-1200x353.png 1200w, https:\/\/static.weekdone.com\/wp-content\/uploads\/le-logo-wide.png 1335w\" sizes=\"auto, (max-width: 1024px) 100vw, 1024px\" \/><\/figure><\/div>\n<\/div>\n\n\n\n<div class=\"wp-block-column is-layout-flow wp-block-column-is-layout-flow\">\n<div class=\"wp-block-image\"><figure class=\"aligncenter size-large\"><img loading=\"lazy\" decoding=\"async\" width=\"200\" height=\"70\" src=\"https:\/\/static.weekdone.com\/wp-content\/uploads\/\/mcafee-secure-trustmark.svg\" alt=\"McAfee Secure\" class=\"wp-image-1170\"\/><\/figure><\/div>\n<\/div>\n<\/div>\n\n\n\n<div class=\"wp-block-group\"><div class=\"wp-block-group__inner-container is-layout-flow wp-block-group-is-layout-flow\">\n<h2 class=\"has-text-align-center wp-block-heading\" id=\"h-hagamos-el-viaje-juntos\"><strong>Hagamos el viaje juntos<\/strong>.<\/h2>\n\n\n<div class=\"shortcode-author-avatars\" style=\"padding-left: 0.2em;\"><div class=\"author-list\"><div class=\"user user-21\" style=\"\"><span class=\"avatar\" title=\"\"><img src='https:\/\/secure.gravatar.com\/avatar\/766983a8dcd791a6d6c85d5d02cd854f94e853d310d2e36ebffdb55fb04e97f4?s=96&#038;d=retro&#038;r=g' srcset='https:\/\/secure.gravatar.com\/avatar\/766983a8dcd791a6d6c85d5d02cd854f94e853d310d2e36ebffdb55fb04e97f4?s=96&#038;d=retro&#038;r=g 2x' class='avatar avatar-96 photo' height='96' width='96' alt=\"avatar for \"  style=\"\"  \/><\/span><\/div><div class=\"user user-2\" style=\"\"><span class=\"avatar\" title=\"\"><img src='https:\/\/secure.gravatar.com\/avatar\/4d47f6c518207443887ae1f6b8b43daaa9ae1a5a17a0527cfd6d2cfdf3e1cdba?s=96&#038;d=retro&#038;r=g' srcset='https:\/\/secure.gravatar.com\/avatar\/4d47f6c518207443887ae1f6b8b43daaa9ae1a5a17a0527cfd6d2cfdf3e1cdba?s=96&#038;d=retro&#038;r=g 2x' class='avatar avatar-96 photo' height='96' width='96' alt=\"avatar for \"  style=\"\"  \/><\/span><\/div><div class=\"user user-12\" style=\"\"><span class=\"avatar\" title=\"\"><img src='https:\/\/secure.gravatar.com\/avatar\/8f6ca65ec0b3c58a36501ec7178a6dd3e658aad71ff910e53ff65ccc197635d1?s=96&#038;d=retro&#038;r=g' srcset='https:\/\/secure.gravatar.com\/avatar\/8f6ca65ec0b3c58a36501ec7178a6dd3e658aad71ff910e53ff65ccc197635d1?s=96&#038;d=retro&#038;r=g 2x' class='avatar avatar-96 photo' height='96' width='96' alt=\"avatar for \"  style=\"\"  \/><\/span><\/div><div class=\"user user-9\" style=\"\"><span class=\"avatar\" title=\"\"><img src='https:\/\/secure.gravatar.com\/avatar\/3c5ade203f697b5701e1414d05c0bf149e212202e804b86b0319edd35898b0ab?s=96&#038;d=retro&#038;r=g' srcset='https:\/\/secure.gravatar.com\/avatar\/3c5ade203f697b5701e1414d05c0bf149e212202e804b86b0319edd35898b0ab?s=96&#038;d=retro&#038;r=g 2x' class='avatar avatar-96 photo' height='96' width='96' alt=\"avatar for \"  style=\"\"  \/><\/span><\/div><div class=\"user user-28\" style=\"\"><span class=\"avatar\" title=\"\"><img data-del=\"avatar\" src='https:\/\/static.weekdone.com\/wp-content\/uploads\/IMG_3820-e1613637535852-150x150.jpg' class='avatar pp-user-avatar avatar-96 photo ' height='96' width='96' alt=\"avatar for \"  style=\"\"  \/><\/span><\/div><div class=\"user user-39\" style=\"\"><span class=\"avatar\" title=\"\"><img src='https:\/\/secure.gravatar.com\/avatar\/3b8b1f4d7fe7407b54c4cdc2df4ef020c3e7b70e69c0dcfaabcdee9379f2e506?s=96&#038;d=retro&#038;r=g' srcset='https:\/\/secure.gravatar.com\/avatar\/3b8b1f4d7fe7407b54c4cdc2df4ef020c3e7b70e69c0dcfaabcdee9379f2e506?s=96&#038;d=retro&#038;r=g 2x' class='avatar avatar-96 photo' height='96' width='96' alt=\"avatar for \"  style=\"\"  \/><\/span><\/div><div class=\"user user-13\" style=\"\"><span class=\"avatar\" title=\"\"><img src='https:\/\/secure.gravatar.com\/avatar\/6dd783d98881792e205210c1c4b18f5ada2fff5684399015dc10228e828b9796?s=96&#038;d=retro&#038;r=g' srcset='https:\/\/secure.gravatar.com\/avatar\/6dd783d98881792e205210c1c4b18f5ada2fff5684399015dc10228e828b9796?s=96&#038;d=retro&#038;r=g 2x' class='avatar avatar-96 photo' height='96' width='96' alt=\"avatar for \"  style=\"\"  \/><\/span><\/div><\/div><\/div>\n\n\n\n<div class=\"wp-block-buttons is-content-justification-center is-layout-flex wp-block-buttons-is-layout-flex\">\n<div class=\"wp-block-button\"><a class=\"wp-block-button__link\" href=\"mailto:hello@weekdone.com\" style=\"border-radius:5px\">Contacta a nuestro equipo<\/a><\/div>\n<\/div>\n<\/div><\/div>\n","protected":false},"excerpt":{"rendered":"<p>Empieza gratis. Convi\u00e9rtete en premium cuando est\u00e9s listo. Gratis hasta para 3 usuarios. Prueba gratuita durante 15 d\u00edas. No se requiere tarjeta de cr\u00e9dito. \u00bfCu\u00e1ntas personas tienes en tu empresa? \u00bfCu\u00e1ntas personas tienes en tu empresa? personas Anual Mensual 1-34-1011-1516-2021-3031-4041-5051-6061-7071-8081-9091-100101-125126-150151-175176-200201-250251-300301-350351-400M\u00e1s de 500 Gratis SAVE $2160 per year paying annually Update payment info Cancel subscription Entrenamiento [&hellip;]<\/p>\n","protected":false},"author":2,"featured_media":241,"parent":0,"menu_order":0,"comment_status":"closed","ping_status":"closed","template":"templates\/template-full-width.php","meta":{"_acf_changed":false,"om_disable_all_campaigns":false,"inline_featured_image":false,"footnotes":""},"class_list":["post-16538","page","type-page","status-publish","has-post-thumbnail","hentry"],"acf":[],"yoast_head":"<!-- This site is optimized with the Yoast SEO Premium plugin v24.4 (Yoast SEO v27.4) - https:\/\/yoast.com\/product\/yoast-seo-premium-wordpress\/ -->\n<title>Precios &#8211; Weekdone<\/title>\n<meta name=\"description\" content=\"Soluci\u00f3n de OKR y planificaci\u00f3n semanal asequible pero potente para peque\u00f1as y medianas empresas. Obt\u00e9n m\u00e1s informaci\u00f3n sobre nuestros paquetes pagos o comienza una prueba gratuita hoy mismo.\" \/>\n<meta name=\"robots\" content=\"index, follow, max-snippet:-1, max-image-preview:large, max-video-preview:-1\" \/>\n<link rel=\"canonical\" href=\"https:\/\/static.weekdone.com\/home\/es\/precios\" \/>\n<meta property=\"og:locale\" content=\"es_ES\" \/>\n<meta property=\"og:type\" content=\"article\" \/>\n<meta property=\"og:title\" content=\"Precios\" \/>\n<meta property=\"og:description\" content=\"Soluci\u00f3n de OKR y planificaci\u00f3n semanal asequible pero potente para peque\u00f1as y medianas empresas. Obt\u00e9n m\u00e1s informaci\u00f3n sobre nuestros paquetes pagos o comienza una prueba gratuita hoy mismo.\" \/>\n<meta property=\"og:url\" content=\"https:\/\/static.weekdone.com\/home\/es\/precios\" \/>\n<meta property=\"og:site_name\" content=\"Weekdone\" \/>\n<meta property=\"article:publisher\" content=\"https:\/\/www.facebook.com\/weekdone\" \/>\n<meta property=\"article:modified_time\" content=\"2021-04-14T11:19:09+00:00\" \/>\n<meta property=\"og:image\" content=\"https:\/\/static.weekdone.com\/wp-content\/uploads\/2020\/10\/cropped-weekdone-logo-square-1-1.png\" \/>\n\t<meta property=\"og:image:width\" content=\"1024\" \/>\n\t<meta property=\"og:image:height\" content=\"1024\" \/>\n\t<meta property=\"og:image:type\" content=\"image\/png\" \/>\n<meta name=\"twitter:card\" content=\"summary_large_image\" \/>\n<meta name=\"twitter:site\" content=\"@weekdone\" \/>\n<meta name=\"twitter:label1\" content=\"Tiempo de lectura\" \/>\n\t<meta name=\"twitter:data1\" content=\"1 minuto\" \/>\n<script type=\"application\/ld+json\" class=\"yoast-schema-graph\">{\"@context\":\"https:\\\/\\\/schema.org\",\"@graph\":[{\"@type\":\"WebPage\",\"@id\":\"https:\\\/\\\/static.weekdone.com\\\/home\\\/es\\\/precios\",\"url\":\"https:\\\/\\\/static.weekdone.com\\\/home\\\/es\\\/precios\",\"name\":\"Precios &#8211; Weekdone\",\"isPartOf\":{\"@id\":\"https:\\\/\\\/static.weekdone.com\\\/home\\\/es#website\"},\"primaryImageOfPage\":{\"@id\":\"https:\\\/\\\/static.weekdone.com\\\/home\\\/es\\\/precios#primaryimage\"},\"image\":{\"@id\":\"https:\\\/\\\/static.weekdone.com\\\/home\\\/es\\\/precios#primaryimage\"},\"thumbnailUrl\":\"https:\\\/\\\/static.weekdone.com\\\/wp-content\\\/uploads\\\/2020\\\/10\\\/cropped-weekdone-logo-square-1-1.png\",\"datePublished\":\"2020-10-06T09:38:00+00:00\",\"dateModified\":\"2021-04-14T11:19:09+00:00\",\"description\":\"Soluci\u00f3n de OKR y planificaci\u00f3n semanal asequible pero potente para peque\u00f1as y medianas empresas. Obt\u00e9n m\u00e1s informaci\u00f3n sobre nuestros paquetes pagos o comienza una prueba gratuita hoy mismo.\",\"breadcrumb\":{\"@id\":\"https:\\\/\\\/static.weekdone.com\\\/home\\\/es\\\/precios#breadcrumb\"},\"inLanguage\":\"es\",\"potentialAction\":[{\"@type\":\"ReadAction\",\"target\":[\"https:\\\/\\\/static.weekdone.com\\\/home\\\/es\\\/precios\"]}]},{\"@type\":\"ImageObject\",\"inLanguage\":\"es\",\"@id\":\"https:\\\/\\\/static.weekdone.com\\\/home\\\/es\\\/precios#primaryimage\",\"url\":\"https:\\\/\\\/static.weekdone.com\\\/wp-content\\\/uploads\\\/2020\\\/10\\\/cropped-weekdone-logo-square-1-1.png\",\"contentUrl\":\"https:\\\/\\\/static.weekdone.com\\\/wp-content\\\/uploads\\\/2020\\\/10\\\/cropped-weekdone-logo-square-1-1.png\",\"width\":1024,\"height\":1024},{\"@type\":\"BreadcrumbList\",\"@id\":\"https:\\\/\\\/static.weekdone.com\\\/home\\\/es\\\/precios#breadcrumb\",\"itemListElement\":[{\"@type\":\"ListItem\",\"position\":1,\"name\":\"Home\",\"item\":\"https:\\\/\\\/static.weekdone.com\\\/home\\\/es\"},{\"@type\":\"ListItem\",\"position\":2,\"name\":\"Precios\"}]},{\"@type\":\"WebSite\",\"@id\":\"https:\\\/\\\/static.weekdone.com\\\/home\\\/es#website\",\"url\":\"https:\\\/\\\/static.weekdone.com\\\/home\\\/es\",\"name\":\"Weekdone\",\"description\":\"OKR Software for Goal Tracking and Status Reporting\",\"publisher\":{\"@id\":\"https:\\\/\\\/static.weekdone.com\\\/home\\\/es#organization\"},\"potentialAction\":[{\"@type\":\"SearchAction\",\"target\":{\"@type\":\"EntryPoint\",\"urlTemplate\":\"https:\\\/\\\/static.weekdone.com\\\/home\\\/es?s={search_term_string}\"},\"query-input\":{\"@type\":\"PropertyValueSpecification\",\"valueRequired\":true,\"valueName\":\"search_term_string\"}}],\"inLanguage\":\"es\"},{\"@type\":\"Organization\",\"@id\":\"https:\\\/\\\/static.weekdone.com\\\/home\\\/es#organization\",\"name\":\"Weekdone\",\"url\":\"https:\\\/\\\/static.weekdone.com\\\/home\\\/es\",\"logo\":{\"@type\":\"ImageObject\",\"inLanguage\":\"es\",\"@id\":\"https:\\\/\\\/static.weekdone.com\\\/home\\\/es#\\\/schema\\\/logo\\\/image\\\/\",\"url\":\"https:\\\/\\\/static.weekdone.com\\\/wp-content\\\/uploads\\\/2020\\\/10\\\/weekdone-logo-square-1-1.png\",\"contentUrl\":\"https:\\\/\\\/static.weekdone.com\\\/wp-content\\\/uploads\\\/2020\\\/10\\\/weekdone-logo-square-1-1.png\",\"width\":1024,\"height\":1024,\"caption\":\"Weekdone\"},\"image\":{\"@id\":\"https:\\\/\\\/static.weekdone.com\\\/home\\\/es#\\\/schema\\\/logo\\\/image\\\/\"},\"sameAs\":[\"https:\\\/\\\/www.facebook.com\\\/weekdone\",\"https:\\\/\\\/x.com\\\/weekdone\"]}]}<\/script>\n<!-- \/ Yoast SEO Premium plugin. -->","yoast_head_json":{"title":"Precios &#8211; Weekdone","description":"Soluci\u00f3n de OKR y planificaci\u00f3n semanal asequible pero potente para peque\u00f1as y medianas empresas. Obt\u00e9n m\u00e1s informaci\u00f3n sobre nuestros paquetes pagos o comienza una prueba gratuita hoy mismo.","robots":{"index":"index","follow":"follow","max-snippet":"max-snippet:-1","max-image-preview":"max-image-preview:large","max-video-preview":"max-video-preview:-1"},"canonical":"https:\/\/static.weekdone.com\/home\/es\/precios","og_locale":"es_ES","og_type":"article","og_title":"Precios","og_description":"Soluci\u00f3n de OKR y planificaci\u00f3n semanal asequible pero potente para peque\u00f1as y medianas empresas. Obt\u00e9n m\u00e1s informaci\u00f3n sobre nuestros paquetes pagos o comienza una prueba gratuita hoy mismo.","og_url":"https:\/\/static.weekdone.com\/home\/es\/precios","og_site_name":"Weekdone","article_publisher":"https:\/\/www.facebook.com\/weekdone","article_modified_time":"2021-04-14T11:19:09+00:00","og_image":[{"width":1024,"height":1024,"url":"https:\/\/static.weekdone.com\/wp-content\/uploads\/2020\/10\/cropped-weekdone-logo-square-1-1.png","type":"image\/png"}],"twitter_card":"summary_large_image","twitter_site":"@weekdone","twitter_misc":{"Tiempo de lectura":"1 minuto"},"schema":{"@context":"https:\/\/schema.org","@graph":[{"@type":"WebPage","@id":"https:\/\/static.weekdone.com\/home\/es\/precios","url":"https:\/\/static.weekdone.com\/home\/es\/precios","name":"Precios &#8211; Weekdone","isPartOf":{"@id":"https:\/\/static.weekdone.com\/home\/es#website"},"primaryImageOfPage":{"@id":"https:\/\/static.weekdone.com\/home\/es\/precios#primaryimage"},"image":{"@id":"https:\/\/static.weekdone.com\/home\/es\/precios#primaryimage"},"thumbnailUrl":"https:\/\/static.weekdone.com\/wp-content\/uploads\/2020\/10\/cropped-weekdone-logo-square-1-1.png","datePublished":"2020-10-06T09:38:00+00:00","dateModified":"2021-04-14T11:19:09+00:00","description":"Soluci\u00f3n de OKR y planificaci\u00f3n semanal asequible pero potente para peque\u00f1as y medianas empresas. Obt\u00e9n m\u00e1s informaci\u00f3n sobre nuestros paquetes pagos o comienza una prueba gratuita hoy mismo.","breadcrumb":{"@id":"https:\/\/static.weekdone.com\/home\/es\/precios#breadcrumb"},"inLanguage":"es","potentialAction":[{"@type":"ReadAction","target":["https:\/\/static.weekdone.com\/home\/es\/precios"]}]},{"@type":"ImageObject","inLanguage":"es","@id":"https:\/\/static.weekdone.com\/home\/es\/precios#primaryimage","url":"https:\/\/static.weekdone.com\/wp-content\/uploads\/2020\/10\/cropped-weekdone-logo-square-1-1.png","contentUrl":"https:\/\/static.weekdone.com\/wp-content\/uploads\/2020\/10\/cropped-weekdone-logo-square-1-1.png","width":1024,"height":1024},{"@type":"BreadcrumbList","@id":"https:\/\/static.weekdone.com\/home\/es\/precios#breadcrumb","itemListElement":[{"@type":"ListItem","position":1,"name":"Home","item":"https:\/\/static.weekdone.com\/home\/es"},{"@type":"ListItem","position":2,"name":"Precios"}]},{"@type":"WebSite","@id":"https:\/\/static.weekdone.com\/home\/es#website","url":"https:\/\/static.weekdone.com\/home\/es","name":"Weekdone","description":"OKR Software for Goal Tracking and Status Reporting","publisher":{"@id":"https:\/\/static.weekdone.com\/home\/es#organization"},"potentialAction":[{"@type":"SearchAction","target":{"@type":"EntryPoint","urlTemplate":"https:\/\/static.weekdone.com\/home\/es?s={search_term_string}"},"query-input":{"@type":"PropertyValueSpecification","valueRequired":true,"valueName":"search_term_string"}}],"inLanguage":"es"},{"@type":"Organization","@id":"https:\/\/static.weekdone.com\/home\/es#organization","name":"Weekdone","url":"https:\/\/static.weekdone.com\/home\/es","logo":{"@type":"ImageObject","inLanguage":"es","@id":"https:\/\/static.weekdone.com\/home\/es#\/schema\/logo\/image\/","url":"https:\/\/static.weekdone.com\/wp-content\/uploads\/2020\/10\/weekdone-logo-square-1-1.png","contentUrl":"https:\/\/static.weekdone.com\/wp-content\/uploads\/2020\/10\/weekdone-logo-square-1-1.png","width":1024,"height":1024,"caption":"Weekdone"},"image":{"@id":"https:\/\/static.weekdone.com\/home\/es#\/schema\/logo\/image\/"},"sameAs":["https:\/\/www.facebook.com\/weekdone","https:\/\/x.com\/weekdone"]}]}},"_links":{"self":[{"href":"https:\/\/static.weekdone.com\/home\/es\/wp-json\/wp\/v2\/pages\/16538","targetHints":{"allow":["GET"]}}],"collection":[{"href":"https:\/\/static.weekdone.com\/home\/es\/wp-json\/wp\/v2\/pages"}],"about":[{"href":"https:\/\/static.weekdone.com\/home\/es\/wp-json\/wp\/v2\/types\/page"}],"author":[{"embeddable":true,"href":"https:\/\/static.weekdone.com\/home\/es\/wp-json\/wp\/v2\/users\/2"}],"replies":[{"embeddable":true,"href":"https:\/\/static.weekdone.com\/home\/es\/wp-json\/wp\/v2\/comments?post=16538"}],"version-history":[{"count":17,"href":"https:\/\/static.weekdone.com\/home\/es\/wp-json\/wp\/v2\/pages\/16538\/revisions"}],"predecessor-version":[{"id":22405,"href":"https:\/\/static.weekdone.com\/home\/es\/wp-json\/wp\/v2\/pages\/16538\/revisions\/22405"}],"wp:featuredmedia":[{"embeddable":true,"href":"https:\/\/static.weekdone.com\/home\/es\/wp-json\/wp\/v2\/media\/241"}],"wp:attachment":[{"href":"https:\/\/static.weekdone.com\/home\/es\/wp-json\/wp\/v2\/media?parent=16538"}],"curies":[{"name":"wp","href":"https:\/\/api.w.org\/{rel}","templated":true}]}}