{"id":16583,"date":"2020-10-30T12:09:41","date_gmt":"2020-10-30T12:09:41","guid":{"rendered":"https:\/\/static.weekdone.com\/home?page_id=16583"},"modified":"2023-05-30T11:55:03","modified_gmt":"2023-05-30T11:55:03","slug":"hinnad","status":"publish","type":"page","link":"https:\/\/static.weekdone.com\/home\/et\/hinnad","title":{"rendered":"Hinnad"},"content":{"rendered":"\n<p class=\"has-text-align-center has-text-color has-larger-font-size\" style=\"color:#ffc400\"><strong><strong>Alusta tasuta. Vali premium, kui oled valmis.<\/strong><\/strong><\/p>\n\n\n\n<p class=\"has-text-align-center has-small-font-size\">Tasuta kuni 3 kasutajale. Tasuta prooviperiood 15 p\u00e4eva. Krediitkaarti pole vaja.<\/p>\n\n\n\n<p class=\"has-text-align-center has-large-font-size\" id=\"h-mitu-inimest-teie-ettev-ttes-on\">Mitu inimest teie ettev\u00f5ttes on?<\/p>\n\n\n\n<script src=\"https:\/\/weekdone.com\/prices-js?lang=et\"><\/script>\n\n\n\n<form method=\"post\" id=\"prices\">\n<fieldset class=\"form-horizontal\">\n<legend class=\"center\"><span class=\"control-label\">Mitu inimest teie ettev\u00f5ttes on?<\/span> kasutajat \n<div class=\"labels\">\n<label><input type=\"radio\" name=\"period\" value=\"year_\" class=\"checkbox period_select\" checked=\"\" id=\"year_\"> <span>Aastane<\/span><\/label>\n<label><input type=\"radio\" name=\"period\" value=\"\" class=\"checkbox period_select\"> <span>Igakuine<\/span><\/label>\n<\/div><\/legend>\n<div class=\"control-group\">\n<div class=\"controls\">\n<div class=\"range-steps\"><\/div>\n<input type=\"range\" min=\"1\" max=\"21\" step=\"1\" value=\"1\" id=\"numpeople\">\n<div class=\"range-thumb\">\n<img decoding=\"async\" src=\"https:\/\/static.weekdone.com\/wp-content\/themes\/WK\/assets\/images\/1f600.svg\">\n<\/div>\n<\/div>\n<\/div>\n<select id=\"people\" style=\"display:none\" ;=\"\">\n<option value=\"3\">1-3<\/option>\n<option value=\"10\">4-10<\/option>\n<option value=\"15\">11-15<\/option>\n<option value=\"20\">16-20<\/option>\n<option value=\"30\">21-30<\/option>\n<option value=\"40\">31-40<\/option>\n<option value=\"50\">41-50<\/option>\n<option value=\"60\">51-60<\/option>\n<option value=\"70\">61-70<\/option>\n<option value=\"80\">71-80<\/option>\n<option value=\"90\">81-90<\/option>\n<option value=\"100\">91-100<\/option>\n<option value=\"125\">101-125<\/option>\n<option value=\"150\">126-150<\/option>\n<option value=\"175\">151-175<\/option>\n<option value=\"200\">176-200<\/option>\n<option value=\"250\">201-250<\/option>\n<option value=\"300\">251-300<\/option>\n<option value=\"350\">301-350<\/option>\n<option value=\"400\" selected=\"\">351-400<\/option>\n<option value=\"500\">Rohkem kui 500<\/option>\n<\/select>\n<p id=\"ppu\" class=\"has-large-font-size\"><span id=\"price_per_user\">Tasuta<\/span>\n<\/p><p id=\"price\" class=\"has-small-font-size\"><\/p>\n\n<div id=\"saving_1\"><span class=\"alert alert-success hidden\"><i class=\"fa fa-check-circle\"><\/i> <b>SAVE $2160 per year paying annually<\/b><\/span><\/div>\n\n<div id=\"action_1\"><\/div>\n\n<div class=\"flex\">\n\n<div class=\"hidden\">\n<a href=\"#\">Update payment info<\/a>\n<\/div>\n<div class=\"hidden\">\n<a href=\"#\" onclick=\"if(confirm('Please confirm you wish to cancel your subscription')) document.location='\/prices?act=cancel&amp;token=759bbad951b51cdbeeaf6c5d85d9794b'; return false;\" class=\"btn btn-primary\" type=\"submit\">Cancel subscription<\/a>\n<\/div>\n<div>\n<input class=\"hidden\" id=\"discounttext\" name=\"code\" type=\"text\" placeholder=\"Discount code\">\n<\/div>\n<\/div>\n<\/fieldset>\n<\/form>\n\n\n\n<div class=\"wp-block-buttons is-horizontal is-content-justification-center is-layout-flex wp-container-core-buttons-is-layout-499968f5 wp-block-buttons-is-layout-flex\">\n<div class=\"wp-block-button\"><a class=\"wp-block-button__link wp-element-button\" href=\"\/register?lang=et\">Proovi tasuta<\/a><\/div>\n<\/div>\n\n\n\n<div class=\"wp-block-columns is-layout-flex wp-container-core-columns-is-layout-9d6595d7 wp-block-columns-is-layout-flex\">\n<div class=\"wp-block-column is-layout-flow wp-block-column-is-layout-flow\">\n<h4 class=\"wp-block-heading has-text-align-center has-text-color\" id=\"h-okr-konsultatsioonid-tugi\" style=\"color:#ffc400\"><strong>OKR konsultatsioonid &amp; tugi<\/strong><\/h4>\n\n\n\n<p><i class=\"fas fa-check\" style=\"color:#ffc400;\"><\/i> Sinu personaalne OKR konsultant<\/p>\n\n\n\n<p><i class=\"fas fa-check\" style=\"color:#ffc400;\"><\/i> Realajas klienditugi<\/p>\n\n\n\n<p><i class=\"fas fa-check\" style=\"color:#ffc400;\"><\/i> Konto \u00fclesseadmine ja personaalne onboarding<\/p>\n\n\n\n<p><i class=\"fas fa-check\" style=\"color:#ffc400;\"><\/i> Meeskonna koolitused<\/p>\n\n\n\n<p><i class=\"fas fa-check\" style=\"color:#ffc400;\"><\/i> Realajas vebinarid<\/p>\n\n\n\n<p><i class=\"fas fa-check\" style=\"color:#ffc400;\"><\/i> Kvartaalne personaliseeritud OKR \u00fclevaade<\/p>\n\n\n\n<p><i class=\"fas fa-check\" style=\"color:#ffc400;\"><\/i> Piiramatu arv sessioone, vastavalt sinu vajadustele<\/p>\n\n\n\n<p><a href=\"\/onboarding\">Vaata kogu treeningplaani (Inglise keeles)<\/a><\/p>\n<\/div>\n\n\n\n<div class=\"wp-block-column is-layout-flow wp-block-column-is-layout-flow\">\n<h4 class=\"wp-block-heading has-text-align-center has-text-color\" id=\"h-pohi-funktsioonid\" style=\"color:#00e676\"><strong>P\u00f5hi funktsioonid<\/strong><\/h4>\n\n\n\n<p><i class=\"fas fa-check\" style=\"color:#00e676;\"><\/i> Kvartaalsed eesm\u00e4rgid ja N\u00e4dalased Check-inid<\/p>\n\n\n\n<p><i class=\"fas fa-check\" style=\"color:#00e676;\"><\/i> Vestlused, Tagasiside ja Tunnustus<\/p>\n\n\n\n<p><i class=\"fas fa-check\" style=\"color:#00e676;\"><\/i> \u00dclevaadet andvad graafikud ning kasutajate progressi kajastamine<\/p>\n\n\n\n<p><i class=\"fas fa-check\" style=\"color:#00e676;\"><\/i> Eesm\u00e4rkide \u00f5ige joondamine (\u00fclevalt alla v\u00f5i alt \u00fcles)<\/p>\n\n\n\n<p><i class=\"fas fa-check\" style=\"color:#00e676;\"><\/i> Ettev\u00f5tte TV dashboard ja kohandatavad aruanded<\/p>\n\n\n\n<p><a href=\"\/product\">Loe edasi meie toote lehel (Inglise keeles)<\/a><\/p>\n<\/div>\n\n\n\n<div class=\"wp-block-column is-layout-flow wp-block-column-is-layout-flow\">\n<h4 class=\"wp-block-heading has-text-align-center has-text-color\" id=\"h-integratsioonid\" style=\"color:#00e5ff\"><strong>Integratsioonid<\/strong><\/h4>\n\n\n\n<p><i class=\"fas fa-check\" style=\"color:#00e5ff;\"><\/i> Slack &amp; Microsoft Teams<\/p>\n\n\n\n<p><i class=\"fas fa-check\" style=\"color:#00e5ff;\"><\/i> Jira &amp; Asana<\/p>\n\n\n\n<p><i class=\"fas fa-check\" style=\"color:#00e5ff;\"><\/i> Basecamp<\/p>\n\n\n\n<p><i class=\"fas fa-check\" style=\"color:#00e5ff;\"><\/i> Google Tasks<\/p>\n\n\n\n<p><i class=\"fas fa-check\" style=\"color:#00e5ff;\"><\/i> \u00dcle 1500 integratsiooni Zapier vahendusel<\/p>\n\n\n\n<p><i class=\"fas fa-check\" style=\"color:#00e5ff;\"><\/i> SSO v\u00f5imalus<\/p>\n\n\n\n<p><i class=\"fas fa-check\" style=\"color:#00e5ff;\"><\/i> kohandatud API juurdep\u00e4\u00e4s<\/p>\n\n\n\n<p><a href=\"\/integrations\">Loe rohkem meie integratsioonidest (Inglise keeles)<\/a><\/p>\n<\/div>\n<\/div>\n\n\n\n<div class=\"wp-block-columns is-layout-flex wp-container-core-columns-is-layout-9d6595d7 wp-block-columns-is-layout-flex\">\n<div class=\"wp-block-column is-layout-flow wp-block-column-is-layout-flow\"><div class=\"wp-block-image\">\n<figure class=\"aligncenter size-large\"><img loading=\"lazy\" decoding=\"async\" width=\"328\" height=\"88\" src=\"https:\/\/static.weekdone.com\/wp-content\/uploads\/braintree-badge-light.png\" alt=\"BrainTree\" class=\"wp-image-1147\" srcset=\"https:\/\/static.weekdone.com\/wp-content\/uploads\/braintree-badge-light.png 328w, https:\/\/static.weekdone.com\/wp-content\/uploads\/braintree-badge-light-300x80.png 300w\" sizes=\"auto, (max-width: 328px) 100vw, 328px\" \/><\/figure>\n<\/div><\/div>\n\n\n\n<div class=\"wp-block-column is-layout-flow wp-block-column-is-layout-flow\"><div class=\"wp-block-image\">\n<figure class=\"aligncenter size-large\"><img loading=\"lazy\" decoding=\"async\" width=\"1024\" height=\"301\" src=\"https:\/\/static.weekdone.com\/wp-content\/uploads\/\/le-logo-wide-1024x301.png\" alt=\"Let's Encrypt\" class=\"wp-image-1154\" srcset=\"https:\/\/static.weekdone.com\/wp-content\/uploads\/le-logo-wide-1024x301.png 1024w, https:\/\/static.weekdone.com\/wp-content\/uploads\/le-logo-wide-300x88.png 300w, https:\/\/static.weekdone.com\/wp-content\/uploads\/le-logo-wide-768x226.png 768w, https:\/\/static.weekdone.com\/wp-content\/uploads\/le-logo-wide-1200x353.png 1200w, https:\/\/static.weekdone.com\/wp-content\/uploads\/le-logo-wide.png 1335w\" sizes=\"auto, (max-width: 1024px) 100vw, 1024px\" \/><\/figure>\n<\/div><\/div>\n\n\n\n<div class=\"wp-block-column is-layout-flow wp-block-column-is-layout-flow\"><div class=\"wp-block-image\">\n<figure class=\"aligncenter size-large\"><img loading=\"lazy\" decoding=\"async\" width=\"200\" height=\"70\" src=\"https:\/\/static.weekdone.com\/wp-content\/uploads\/\/mcafee-secure-trustmark.svg\" alt=\"McAfee Secure\" class=\"wp-image-1165\"\/><\/figure>\n<\/div><\/div>\n<\/div>\n\n\n\n<h2 class=\"wp-block-heading has-text-align-center\" id=\"h-panustame-koos-sinu-ettevotte-arengusse\"><strong>Panustame koos sinu ettev\u00f5tte arengusse<\/strong><\/h2>\n\n\n<div class=\"shortcode-author-avatars\" style=\"padding-left: 0.2em;\"><div class=\"author-list\"><div class=\"user user-13\" style=\"\"><span class=\"avatar\" title=\"\"><img src='https:\/\/secure.gravatar.com\/avatar\/6dd783d98881792e205210c1c4b18f5ada2fff5684399015dc10228e828b9796?s=96&#038;d=retro&#038;r=g' srcset='https:\/\/secure.gravatar.com\/avatar\/6dd783d98881792e205210c1c4b18f5ada2fff5684399015dc10228e828b9796?s=96&#038;d=retro&#038;r=g 2x' class='avatar avatar-96 photo' height='96' width='96' alt=\"avatar for \"  style=\"\"  \/><\/span><\/div><div class=\"user user-26\" style=\"\"><span class=\"avatar\" title=\"\"><img src='https:\/\/secure.gravatar.com\/avatar\/85f4cadb369d82ba99d63d9564c18e428d4b4f6e6ca283c2d585e0f96db7a4ee?s=96&#038;d=retro&#038;r=g' srcset='https:\/\/secure.gravatar.com\/avatar\/85f4cadb369d82ba99d63d9564c18e428d4b4f6e6ca283c2d585e0f96db7a4ee?s=96&#038;d=retro&#038;r=g 2x' class='avatar avatar-96 photo' height='96' width='96' alt=\"avatar for \"  style=\"\"  \/><\/span><\/div><div class=\"user user-21\" style=\"\"><span class=\"avatar\" title=\"\"><img src='https:\/\/secure.gravatar.com\/avatar\/766983a8dcd791a6d6c85d5d02cd854f94e853d310d2e36ebffdb55fb04e97f4?s=96&#038;d=retro&#038;r=g' srcset='https:\/\/secure.gravatar.com\/avatar\/766983a8dcd791a6d6c85d5d02cd854f94e853d310d2e36ebffdb55fb04e97f4?s=96&#038;d=retro&#038;r=g 2x' class='avatar avatar-96 photo' height='96' width='96' alt=\"avatar for \"  style=\"\"  \/><\/span><\/div><div class=\"user user-40\" style=\"\"><span class=\"avatar\" title=\"\"><img src='https:\/\/secure.gravatar.com\/avatar\/9d0eb1ca8db848d9e574c79bf44690e73b211b112bab8c49313ef6c9be06f0dd?s=96&#038;d=retro&#038;r=g' srcset='https:\/\/secure.gravatar.com\/avatar\/9d0eb1ca8db848d9e574c79bf44690e73b211b112bab8c49313ef6c9be06f0dd?s=96&#038;d=retro&#038;r=g 2x' class='avatar avatar-96 photo' height='96' width='96' alt=\"avatar for \"  style=\"\"  \/><\/span><\/div><div class=\"user user-12\" style=\"\"><span class=\"avatar\" title=\"\"><img src='https:\/\/secure.gravatar.com\/avatar\/8f6ca65ec0b3c58a36501ec7178a6dd3e658aad71ff910e53ff65ccc197635d1?s=96&#038;d=retro&#038;r=g' srcset='https:\/\/secure.gravatar.com\/avatar\/8f6ca65ec0b3c58a36501ec7178a6dd3e658aad71ff910e53ff65ccc197635d1?s=96&#038;d=retro&#038;r=g 2x' class='avatar avatar-96 photo' height='96' width='96' alt=\"avatar for \"  style=\"\"  \/><\/span><\/div><div class=\"user user-15\" style=\"\"><span class=\"avatar\" title=\"\"><img data-del=\"avatar\" src='https:\/\/static.weekdone.com\/wp-content\/uploads\/janek-150x150.png' class='avatar pp-user-avatar avatar-96 photo ' height='96' width='96' alt=\"avatar for \"  style=\"\"  \/><\/span><\/div><div class=\"user user-18\" style=\"\"><span class=\"avatar\" title=\"\"><img src='https:\/\/secure.gravatar.com\/avatar\/cbb91214ca21d987badee3b970eb4f339119ba18c5360b776d95ce14b508cf89?s=96&#038;d=retro&#038;r=g' srcset='https:\/\/secure.gravatar.com\/avatar\/cbb91214ca21d987badee3b970eb4f339119ba18c5360b776d95ce14b508cf89?s=96&#038;d=retro&#038;r=g 2x' class='avatar avatar-96 photo' height='96' width='96' alt=\"avatar for \"  style=\"\"  \/><\/span><\/div><\/div><\/div>\n\n\n\n<div class=\"wp-block-buttons is-horizontal is-content-justification-center is-layout-flex wp-container-core-buttons-is-layout-499968f5 wp-block-buttons-is-layout-flex\">\n<div class=\"wp-block-button\"><a class=\"wp-block-button__link wp-element-button\" href=\"mailto:hello@weekdone.com\" style=\"border-radius:5px\">V\u00f5ta \u00fchendust meie meeskonnaga<\/a><\/div>\n<\/div>\n","protected":false},"excerpt":{"rendered":"<p>Alusta tasuta. Vali premium, kui oled valmis. Tasuta kuni 3 kasutajale. Tasuta prooviperiood 15 p\u00e4eva. Krediitkaarti pole vaja. Mitu inimest teie ettev\u00f5ttes on? Mitu inimest teie ettev\u00f5ttes on? kasutajat Aastane Igakuine 1-34-1011-1516-2021-3031-4041-5051-6061-7071-8081-9091-100101-125126-150151-175176-200201-250251-300301-350351-400Rohkem kui 500 Tasuta SAVE $2160 per year paying annually Update payment info Cancel subscription OKR konsultatsioonid &amp; tugi Sinu personaalne OKR konsultant Realajas [&hellip;]<\/p>\n","protected":false},"author":2,"featured_media":236,"parent":0,"menu_order":0,"comment_status":"closed","ping_status":"closed","template":"templates\/template-full-width.php","meta":{"_acf_changed":false,"om_disable_all_campaigns":false,"inline_featured_image":false,"footnotes":""},"class_list":["post-16583","page","type-page","status-publish","has-post-thumbnail","hentry"],"acf":[],"yoast_head":"<!-- This site is optimized with the Yoast SEO Premium plugin v24.4 (Yoast SEO v27.5) - https:\/\/yoast.com\/product\/yoast-seo-premium-wordpress\/ -->\n<title>Hinnad &#8211; Weekdone<\/title>\n<meta name=\"description\" content=\"Taskukohane ent v\u00f5imas OKR ja n\u00e4dalaplaneerimise lahendus v\u00e4ikestele ja keskmistele ettev\u00f5tetele. Uuri l\u00e4hemalt meie tasuliste pakettide kohta v\u00f5i alusta tasuta prooviperioodi t\u00e4na!\" \/>\n<meta name=\"robots\" content=\"index, follow, max-snippet:-1, max-image-preview:large, max-video-preview:-1\" \/>\n<link rel=\"canonical\" href=\"https:\/\/static.weekdone.com\/home\/et\/hinnad\" \/>\n<meta property=\"og:locale\" content=\"et_EE\" \/>\n<meta property=\"og:type\" content=\"article\" \/>\n<meta property=\"og:title\" content=\"Hinnad\" \/>\n<meta property=\"og:description\" content=\"Taskukohane ent v\u00f5imas OKR ja n\u00e4dalaplaneerimise lahendus v\u00e4ikestele ja keskmistele ettev\u00f5tetele. Uuri l\u00e4hemalt meie tasuliste pakettide kohta v\u00f5i alusta tasuta prooviperioodi t\u00e4na!\" \/>\n<meta property=\"og:url\" content=\"https:\/\/static.weekdone.com\/home\/et\/hinnad\" \/>\n<meta property=\"og:site_name\" content=\"Weekdone\" \/>\n<meta property=\"article:publisher\" content=\"https:\/\/www.facebook.com\/weekdone\" \/>\n<meta property=\"article:modified_time\" content=\"2023-05-30T11:55:03+00:00\" \/>\n<meta property=\"og:image\" content=\"https:\/\/static.weekdone.com\/wp-content\/uploads\/2020\/10\/cropped-weekdone-logo-square-1-1.png\" \/>\n\t<meta property=\"og:image:width\" content=\"1024\" \/>\n\t<meta property=\"og:image:height\" content=\"1024\" \/>\n\t<meta property=\"og:image:type\" content=\"image\/png\" \/>\n<meta name=\"twitter:card\" content=\"summary_large_image\" \/>\n<meta name=\"twitter:site\" content=\"@weekdone\" \/>\n<meta name=\"twitter:label1\" content=\"Est. reading time\" \/>\n\t<meta name=\"twitter:data1\" content=\"2 minutit\" \/>\n<script type=\"application\/ld+json\" class=\"yoast-schema-graph\">{\"@context\":\"https:\\\/\\\/schema.org\",\"@graph\":[{\"@type\":\"WebPage\",\"@id\":\"https:\\\/\\\/static.weekdone.com\\\/home\\\/et\\\/hinnad\",\"url\":\"https:\\\/\\\/static.weekdone.com\\\/home\\\/et\\\/hinnad\",\"name\":\"Hinnad &#8211; Weekdone\",\"isPartOf\":{\"@id\":\"https:\\\/\\\/static.weekdone.com\\\/home\\\/et#website\"},\"primaryImageOfPage\":{\"@id\":\"https:\\\/\\\/static.weekdone.com\\\/home\\\/et\\\/hinnad#primaryimage\"},\"image\":{\"@id\":\"https:\\\/\\\/static.weekdone.com\\\/home\\\/et\\\/hinnad#primaryimage\"},\"thumbnailUrl\":\"https:\\\/\\\/static.weekdone.com\\\/wp-content\\\/uploads\\\/2020\\\/10\\\/cropped-weekdone-logo-square-1-1.png\",\"datePublished\":\"2020-10-30T12:09:41+00:00\",\"dateModified\":\"2023-05-30T11:55:03+00:00\",\"description\":\"Taskukohane ent v\u00f5imas OKR ja n\u00e4dalaplaneerimise lahendus v\u00e4ikestele ja keskmistele ettev\u00f5tetele. Uuri l\u00e4hemalt meie tasuliste pakettide kohta v\u00f5i alusta tasuta prooviperioodi t\u00e4na!\",\"breadcrumb\":{\"@id\":\"https:\\\/\\\/static.weekdone.com\\\/home\\\/et\\\/hinnad#breadcrumb\"},\"inLanguage\":\"et\",\"potentialAction\":[{\"@type\":\"ReadAction\",\"target\":[\"https:\\\/\\\/static.weekdone.com\\\/home\\\/et\\\/hinnad\"]}]},{\"@type\":\"ImageObject\",\"inLanguage\":\"et\",\"@id\":\"https:\\\/\\\/static.weekdone.com\\\/home\\\/et\\\/hinnad#primaryimage\",\"url\":\"https:\\\/\\\/static.weekdone.com\\\/wp-content\\\/uploads\\\/2020\\\/10\\\/cropped-weekdone-logo-square-1-1.png\",\"contentUrl\":\"https:\\\/\\\/static.weekdone.com\\\/wp-content\\\/uploads\\\/2020\\\/10\\\/cropped-weekdone-logo-square-1-1.png\",\"width\":1024,\"height\":1024},{\"@type\":\"BreadcrumbList\",\"@id\":\"https:\\\/\\\/static.weekdone.com\\\/home\\\/et\\\/hinnad#breadcrumb\",\"itemListElement\":[{\"@type\":\"ListItem\",\"position\":1,\"name\":\"Home\",\"item\":\"https:\\\/\\\/static.weekdone.com\\\/home\\\/et\"},{\"@type\":\"ListItem\",\"position\":2,\"name\":\"Hinnad\"}]},{\"@type\":\"WebSite\",\"@id\":\"https:\\\/\\\/static.weekdone.com\\\/home\\\/et#website\",\"url\":\"https:\\\/\\\/static.weekdone.com\\\/home\\\/et\",\"name\":\"Weekdone\",\"description\":\"OKR Software for Goal Tracking and Status Reporting\",\"publisher\":{\"@id\":\"https:\\\/\\\/static.weekdone.com\\\/home\\\/et#organization\"},\"potentialAction\":[{\"@type\":\"SearchAction\",\"target\":{\"@type\":\"EntryPoint\",\"urlTemplate\":\"https:\\\/\\\/static.weekdone.com\\\/home\\\/et?s={search_term_string}\"},\"query-input\":{\"@type\":\"PropertyValueSpecification\",\"valueRequired\":true,\"valueName\":\"search_term_string\"}}],\"inLanguage\":\"et\"},{\"@type\":\"Organization\",\"@id\":\"https:\\\/\\\/static.weekdone.com\\\/home\\\/et#organization\",\"name\":\"Weekdone\",\"url\":\"https:\\\/\\\/static.weekdone.com\\\/home\\\/et\",\"logo\":{\"@type\":\"ImageObject\",\"inLanguage\":\"et\",\"@id\":\"https:\\\/\\\/static.weekdone.com\\\/home\\\/et#\\\/schema\\\/logo\\\/image\\\/\",\"url\":\"https:\\\/\\\/static.weekdone.com\\\/wp-content\\\/uploads\\\/2020\\\/10\\\/weekdone-logo-square-1-1.png\",\"contentUrl\":\"https:\\\/\\\/static.weekdone.com\\\/wp-content\\\/uploads\\\/2020\\\/10\\\/weekdone-logo-square-1-1.png\",\"width\":1024,\"height\":1024,\"caption\":\"Weekdone\"},\"image\":{\"@id\":\"https:\\\/\\\/static.weekdone.com\\\/home\\\/et#\\\/schema\\\/logo\\\/image\\\/\"},\"sameAs\":[\"https:\\\/\\\/www.facebook.com\\\/weekdone\",\"https:\\\/\\\/x.com\\\/weekdone\"]}]}<\/script>\n<!-- \/ Yoast SEO Premium plugin. -->","yoast_head_json":{"title":"Hinnad &#8211; Weekdone","description":"Taskukohane ent v\u00f5imas OKR ja n\u00e4dalaplaneerimise lahendus v\u00e4ikestele ja keskmistele ettev\u00f5tetele. Uuri l\u00e4hemalt meie tasuliste pakettide kohta v\u00f5i alusta tasuta prooviperioodi t\u00e4na!","robots":{"index":"index","follow":"follow","max-snippet":"max-snippet:-1","max-image-preview":"max-image-preview:large","max-video-preview":"max-video-preview:-1"},"canonical":"https:\/\/static.weekdone.com\/home\/et\/hinnad","og_locale":"et_EE","og_type":"article","og_title":"Hinnad","og_description":"Taskukohane ent v\u00f5imas OKR ja n\u00e4dalaplaneerimise lahendus v\u00e4ikestele ja keskmistele ettev\u00f5tetele. Uuri l\u00e4hemalt meie tasuliste pakettide kohta v\u00f5i alusta tasuta prooviperioodi t\u00e4na!","og_url":"https:\/\/static.weekdone.com\/home\/et\/hinnad","og_site_name":"Weekdone","article_publisher":"https:\/\/www.facebook.com\/weekdone","article_modified_time":"2023-05-30T11:55:03+00:00","og_image":[{"width":1024,"height":1024,"url":"https:\/\/static.weekdone.com\/wp-content\/uploads\/2020\/10\/cropped-weekdone-logo-square-1-1.png","type":"image\/png"}],"twitter_card":"summary_large_image","twitter_site":"@weekdone","twitter_misc":{"Est. reading time":"2 minutit"},"schema":{"@context":"https:\/\/schema.org","@graph":[{"@type":"WebPage","@id":"https:\/\/static.weekdone.com\/home\/et\/hinnad","url":"https:\/\/static.weekdone.com\/home\/et\/hinnad","name":"Hinnad &#8211; Weekdone","isPartOf":{"@id":"https:\/\/static.weekdone.com\/home\/et#website"},"primaryImageOfPage":{"@id":"https:\/\/static.weekdone.com\/home\/et\/hinnad#primaryimage"},"image":{"@id":"https:\/\/static.weekdone.com\/home\/et\/hinnad#primaryimage"},"thumbnailUrl":"https:\/\/static.weekdone.com\/wp-content\/uploads\/2020\/10\/cropped-weekdone-logo-square-1-1.png","datePublished":"2020-10-30T12:09:41+00:00","dateModified":"2023-05-30T11:55:03+00:00","description":"Taskukohane ent v\u00f5imas OKR ja n\u00e4dalaplaneerimise lahendus v\u00e4ikestele ja keskmistele ettev\u00f5tetele. Uuri l\u00e4hemalt meie tasuliste pakettide kohta v\u00f5i alusta tasuta prooviperioodi t\u00e4na!","breadcrumb":{"@id":"https:\/\/static.weekdone.com\/home\/et\/hinnad#breadcrumb"},"inLanguage":"et","potentialAction":[{"@type":"ReadAction","target":["https:\/\/static.weekdone.com\/home\/et\/hinnad"]}]},{"@type":"ImageObject","inLanguage":"et","@id":"https:\/\/static.weekdone.com\/home\/et\/hinnad#primaryimage","url":"https:\/\/static.weekdone.com\/wp-content\/uploads\/2020\/10\/cropped-weekdone-logo-square-1-1.png","contentUrl":"https:\/\/static.weekdone.com\/wp-content\/uploads\/2020\/10\/cropped-weekdone-logo-square-1-1.png","width":1024,"height":1024},{"@type":"BreadcrumbList","@id":"https:\/\/static.weekdone.com\/home\/et\/hinnad#breadcrumb","itemListElement":[{"@type":"ListItem","position":1,"name":"Home","item":"https:\/\/static.weekdone.com\/home\/et"},{"@type":"ListItem","position":2,"name":"Hinnad"}]},{"@type":"WebSite","@id":"https:\/\/static.weekdone.com\/home\/et#website","url":"https:\/\/static.weekdone.com\/home\/et","name":"Weekdone","description":"OKR Software for Goal Tracking and Status Reporting","publisher":{"@id":"https:\/\/static.weekdone.com\/home\/et#organization"},"potentialAction":[{"@type":"SearchAction","target":{"@type":"EntryPoint","urlTemplate":"https:\/\/static.weekdone.com\/home\/et?s={search_term_string}"},"query-input":{"@type":"PropertyValueSpecification","valueRequired":true,"valueName":"search_term_string"}}],"inLanguage":"et"},{"@type":"Organization","@id":"https:\/\/static.weekdone.com\/home\/et#organization","name":"Weekdone","url":"https:\/\/static.weekdone.com\/home\/et","logo":{"@type":"ImageObject","inLanguage":"et","@id":"https:\/\/static.weekdone.com\/home\/et#\/schema\/logo\/image\/","url":"https:\/\/static.weekdone.com\/wp-content\/uploads\/2020\/10\/weekdone-logo-square-1-1.png","contentUrl":"https:\/\/static.weekdone.com\/wp-content\/uploads\/2020\/10\/weekdone-logo-square-1-1.png","width":1024,"height":1024,"caption":"Weekdone"},"image":{"@id":"https:\/\/static.weekdone.com\/home\/et#\/schema\/logo\/image\/"},"sameAs":["https:\/\/www.facebook.com\/weekdone","https:\/\/x.com\/weekdone"]}]}},"_links":{"self":[{"href":"https:\/\/static.weekdone.com\/home\/et\/wp-json\/wp\/v2\/pages\/16583","targetHints":{"allow":["GET"]}}],"collection":[{"href":"https:\/\/static.weekdone.com\/home\/et\/wp-json\/wp\/v2\/pages"}],"about":[{"href":"https:\/\/static.weekdone.com\/home\/et\/wp-json\/wp\/v2\/types\/page"}],"author":[{"embeddable":true,"href":"https:\/\/static.weekdone.com\/home\/et\/wp-json\/wp\/v2\/users\/2"}],"replies":[{"embeddable":true,"href":"https:\/\/static.weekdone.com\/home\/et\/wp-json\/wp\/v2\/comments?post=16583"}],"version-history":[{"count":3,"href":"https:\/\/static.weekdone.com\/home\/et\/wp-json\/wp\/v2\/pages\/16583\/revisions"}],"predecessor-version":[{"id":38179,"href":"https:\/\/static.weekdone.com\/home\/et\/wp-json\/wp\/v2\/pages\/16583\/revisions\/38179"}],"wp:featuredmedia":[{"embeddable":true,"href":"https:\/\/static.weekdone.com\/home\/et\/wp-json\/wp\/v2\/media\/236"}],"wp:attachment":[{"href":"https:\/\/static.weekdone.com\/home\/et\/wp-json\/wp\/v2\/media?parent=16583"}],"curies":[{"name":"wp","href":"https:\/\/api.w.org\/{rel}","templated":true}]}}