{"id":19353,"date":"2021-01-09T08:03:46","date_gmt":"2021-01-09T08:03:46","guid":{"rendered":"https:\/\/static.weekdone.com\/home\/gasell"},"modified":"2021-11-11T15:23:03","modified_gmt":"2021-11-11T15:23:03","slug":"gasell","status":"publish","type":"page","link":"https:\/\/static.weekdone.com\/home\/et\/gasell","title":{"rendered":"Gasell"},"content":{"rendered":"\n<div class=\"wp-block-media-text alignwide is-stacked-on-mobile\" style=\"grid-template-columns:30% auto\"><figure class=\"wp-block-media-text__media\"><img loading=\"lazy\" decoding=\"async\" width=\"722\" height=\"1024\" src=\"https:\/\/static.weekdone.com\/wp-content\/uploads\/gasell_2022-722x1024.png\" alt=\"\" class=\"wp-image-25067 size-full\" srcset=\"https:\/\/static.weekdone.com\/wp-content\/uploads\/gasell_2022-722x1024.png 722w, https:\/\/static.weekdone.com\/wp-content\/uploads\/gasell_2022-211x300.png 211w, https:\/\/static.weekdone.com\/wp-content\/uploads\/gasell_2022-768x1090.png 768w, https:\/\/static.weekdone.com\/wp-content\/uploads\/gasell_2022-1083x1536.png 1083w, https:\/\/static.weekdone.com\/wp-content\/uploads\/gasell_2022-1443x2048.png 1443w, https:\/\/static.weekdone.com\/wp-content\/uploads\/gasell_2022-1200x1703.png 1200w, https:\/\/static.weekdone.com\/wp-content\/uploads\/gasell_2022-1980x2809.png 1980w\" sizes=\"auto, (max-width: 722px) 100vw, 722px\" \/><\/figure><div class=\"wp-block-media-text__content\">\n<p class=\"has-text-align-left has-text-color\" style=\"color:#ff0004\"><strong>2022 \u2728 me oleme teist aastat j\u00e4rjest Gasell! \ud83d\ude80<\/strong><\/p>\n\n\n\n<h2 class=\"wp-block-heading\" id=\"h-gaselliliikumine\">Gaselliliikumine<\/h2>\n\n\n\n<p>Eesti gaselliliikumine t\u00e4histab 2021. aastal 21. s\u00fcnnip\u00e4eva \u2013 t\u00e4pselt nii kaua on \u00c4rip\u00e4ev koostanud Gaselli TOPi, korraldanud Gaselli Kongressi ja kirjutanud gasellfirmade k\u00e4ek\u00e4igust. Gasell on kiiresti kasvanud ettev\u00f5te, kes on kasvatanud viimase kolme aasta jooksul k\u00e4ivet ja kasumit v\u00e4hemalt 50%. Gaselliliikumine v\u00e4\u00e4rtustab kiiresti kasvavaid ettev\u00f5tteid teadmises, et just nemad loovad igas riigis enim uusi t\u00f6\u00f6kohti, on paindlikud, kiired ja julged. Gaselliliikumine on p\u00e4rit USAst, termini autor on Ameerika majandusteadlane David Birch. Kiiresti kasvavate ettev\u00f5tete edetabeleid koostavad n\u00e4iteks Soome juhtiv majandusleht Kauppalehti ja Rootsi suurim majandusleht Dagens Industri.<\/p>\n<\/div><\/div>\n\n\n\n<div class=\"wp-block-media-text alignwide has-media-on-the-right is-stacked-on-mobile\" style=\"grid-template-columns:auto 30%\"><figure class=\"wp-block-media-text__media\"><img loading=\"lazy\" decoding=\"async\" width=\"596\" height=\"842\" src=\"https:\/\/static.weekdone.com\/wp-content\/uploads\/Gasell-1.png\" alt=\"\" class=\"wp-image-19346 size-full\" srcset=\"https:\/\/static.weekdone.com\/wp-content\/uploads\/Gasell-1.png 596w, https:\/\/static.weekdone.com\/wp-content\/uploads\/Gasell-1-212x300.png 212w\" sizes=\"auto, (max-width: 596px) 100vw, 596px\" \/><\/figure><div class=\"wp-block-media-text__content\">\n<h2 class=\"wp-block-heading\" id=\"h-gaselli-top-1\">Gaselli TOP<\/h2>\n\n\n\n<p>\u00c4rip\u00e4eva kiiresti arenevate firmade edetabel ehk Gaselli TOP on ilmunud j\u00e4rjest 21 aastat. Paljud kunagi gasellli edetabelisse j\u00f5udnud ettev\u00f5tted on t\u00e4naseks kasvanud suurteks stabiilseteks ettev\u00f5teteks. Igal aastal j\u00f5uab Gaselli TOPi edetabelitesse umbes 1000 kiiresti arenevat ettev\u00f5tet ehk just nii paljud Eesti ettev\u00f5tted vastavad TOPi tingimustele. K\u00f5ige kiiremad kasvajad paisutavad oma k\u00e4ivet k\u00fcmneid kordi.<\/p>\n<\/div><\/div>\n","protected":false},"excerpt":{"rendered":"<p>2022 \u2728 me oleme teist aastat j\u00e4rjest Gasell! \ud83d\ude80 Gaselliliikumine Eesti gaselliliikumine t\u00e4histab 2021. aastal 21. s\u00fcnnip\u00e4eva \u2013 t\u00e4pselt nii kaua on \u00c4rip\u00e4ev koostanud Gaselli TOPi, korraldanud Gaselli Kongressi ja kirjutanud gasellfirmade k\u00e4ek\u00e4igust. Gasell on kiiresti kasvanud ettev\u00f5te, kes on kasvatanud viimase kolme aasta jooksul k\u00e4ivet ja kasumit v\u00e4hemalt 50%. Gaselliliikumine v\u00e4\u00e4rtustab kiiresti kasvavaid ettev\u00f5tteid [&hellip;]<\/p>\n","protected":false},"author":2,"featured_media":0,"parent":0,"menu_order":0,"comment_status":"closed","ping_status":"closed","template":"templates\/template-full-width.php","meta":{"_acf_changed":false,"om_disable_all_campaigns":false,"inline_featured_image":false,"footnotes":""},"class_list":["post-19353","page","type-page","status-publish","hentry"],"acf":[],"yoast_head":"<!-- This site is optimized with the Yoast SEO Premium plugin v24.4 (Yoast SEO v27.4) - https:\/\/yoast.com\/product\/yoast-seo-premium-wordpress\/ -->\n<title>Gasell &#8211; Weekdone<\/title>\n<meta name=\"robots\" content=\"index, follow, max-snippet:-1, max-image-preview:large, max-video-preview:-1\" \/>\n<link rel=\"canonical\" href=\"https:\/\/static.weekdone.com\/home\/et\/gasell\" \/>\n<meta property=\"og:locale\" content=\"et_EE\" \/>\n<meta property=\"og:type\" content=\"article\" \/>\n<meta property=\"og:title\" content=\"Gasell\" \/>\n<meta property=\"og:description\" content=\"2022 \u2728 me oleme teist aastat j\u00e4rjest Gasell! \ud83d\ude80 Gaselliliikumine Eesti gaselliliikumine t\u00e4histab 2021. aastal 21. s\u00fcnnip\u00e4eva \u2013 t\u00e4pselt nii kaua on \u00c4rip\u00e4ev koostanud Gaselli TOPi, korraldanud Gaselli Kongressi ja kirjutanud gasellfirmade k\u00e4ek\u00e4igust. Gasell on kiiresti kasvanud ettev\u00f5te, kes on kasvatanud viimase kolme aasta jooksul k\u00e4ivet ja kasumit v\u00e4hemalt 50%. Gaselliliikumine v\u00e4\u00e4rtustab kiiresti kasvavaid ettev\u00f5tteid [&hellip;]\" \/>\n<meta property=\"og:url\" content=\"https:\/\/static.weekdone.com\/home\/et\/gasell\" \/>\n<meta property=\"og:site_name\" content=\"Weekdone\" \/>\n<meta property=\"article:publisher\" content=\"https:\/\/www.facebook.com\/weekdone\" \/>\n<meta property=\"article:modified_time\" content=\"2021-11-11T15:23:03+00:00\" \/>\n<meta property=\"og:image\" content=\"https:\/\/static.weekdone.com\/wp-content\/uploads\/gasell_2022-722x1024.png\" \/>\n<meta name=\"twitter:card\" content=\"summary_large_image\" \/>\n<meta name=\"twitter:site\" content=\"@weekdone\" \/>\n<meta name=\"twitter:label1\" content=\"Est. reading time\" \/>\n\t<meta name=\"twitter:data1\" content=\"1 minut\" \/>\n<script type=\"application\/ld+json\" class=\"yoast-schema-graph\">{\"@context\":\"https:\\\/\\\/schema.org\",\"@graph\":[{\"@type\":\"WebPage\",\"@id\":\"https:\\\/\\\/static.weekdone.com\\\/home\\\/et\\\/gasell\",\"url\":\"https:\\\/\\\/static.weekdone.com\\\/home\\\/et\\\/gasell\",\"name\":\"Gasell &#8211; Weekdone\",\"isPartOf\":{\"@id\":\"https:\\\/\\\/static.weekdone.com\\\/home\\\/et#website\"},\"primaryImageOfPage\":{\"@id\":\"https:\\\/\\\/static.weekdone.com\\\/home\\\/et\\\/gasell#primaryimage\"},\"image\":{\"@id\":\"https:\\\/\\\/static.weekdone.com\\\/home\\\/et\\\/gasell#primaryimage\"},\"thumbnailUrl\":\"https:\\\/\\\/static.weekdone.com\\\/wp-content\\\/uploads\\\/gasell_2022-722x1024.png\",\"datePublished\":\"2021-01-09T08:03:46+00:00\",\"dateModified\":\"2021-11-11T15:23:03+00:00\",\"breadcrumb\":{\"@id\":\"https:\\\/\\\/static.weekdone.com\\\/home\\\/et\\\/gasell#breadcrumb\"},\"inLanguage\":\"et\",\"potentialAction\":[{\"@type\":\"ReadAction\",\"target\":[\"https:\\\/\\\/static.weekdone.com\\\/home\\\/et\\\/gasell\"]}]},{\"@type\":\"ImageObject\",\"inLanguage\":\"et\",\"@id\":\"https:\\\/\\\/static.weekdone.com\\\/home\\\/et\\\/gasell#primaryimage\",\"url\":\"https:\\\/\\\/static.weekdone.com\\\/wp-content\\\/uploads\\\/gasell_2022-722x1024.png\",\"contentUrl\":\"https:\\\/\\\/static.weekdone.com\\\/wp-content\\\/uploads\\\/gasell_2022-722x1024.png\"},{\"@type\":\"BreadcrumbList\",\"@id\":\"https:\\\/\\\/static.weekdone.com\\\/home\\\/et\\\/gasell#breadcrumb\",\"itemListElement\":[{\"@type\":\"ListItem\",\"position\":1,\"name\":\"Home\",\"item\":\"https:\\\/\\\/static.weekdone.com\\\/home\\\/et\"},{\"@type\":\"ListItem\",\"position\":2,\"name\":\"Gasell\"}]},{\"@type\":\"WebSite\",\"@id\":\"https:\\\/\\\/static.weekdone.com\\\/home\\\/et#website\",\"url\":\"https:\\\/\\\/static.weekdone.com\\\/home\\\/et\",\"name\":\"Weekdone\",\"description\":\"OKR Software for Goal Tracking and Status Reporting\",\"publisher\":{\"@id\":\"https:\\\/\\\/static.weekdone.com\\\/home\\\/et#organization\"},\"potentialAction\":[{\"@type\":\"SearchAction\",\"target\":{\"@type\":\"EntryPoint\",\"urlTemplate\":\"https:\\\/\\\/static.weekdone.com\\\/home\\\/et?s={search_term_string}\"},\"query-input\":{\"@type\":\"PropertyValueSpecification\",\"valueRequired\":true,\"valueName\":\"search_term_string\"}}],\"inLanguage\":\"et\"},{\"@type\":\"Organization\",\"@id\":\"https:\\\/\\\/static.weekdone.com\\\/home\\\/et#organization\",\"name\":\"Weekdone\",\"url\":\"https:\\\/\\\/static.weekdone.com\\\/home\\\/et\",\"logo\":{\"@type\":\"ImageObject\",\"inLanguage\":\"et\",\"@id\":\"https:\\\/\\\/static.weekdone.com\\\/home\\\/et#\\\/schema\\\/logo\\\/image\\\/\",\"url\":\"https:\\\/\\\/static.weekdone.com\\\/wp-content\\\/uploads\\\/2020\\\/10\\\/weekdone-logo-square-1-1.png\",\"contentUrl\":\"https:\\\/\\\/static.weekdone.com\\\/wp-content\\\/uploads\\\/2020\\\/10\\\/weekdone-logo-square-1-1.png\",\"width\":1024,\"height\":1024,\"caption\":\"Weekdone\"},\"image\":{\"@id\":\"https:\\\/\\\/static.weekdone.com\\\/home\\\/et#\\\/schema\\\/logo\\\/image\\\/\"},\"sameAs\":[\"https:\\\/\\\/www.facebook.com\\\/weekdone\",\"https:\\\/\\\/x.com\\\/weekdone\"]}]}<\/script>\n<!-- \/ Yoast SEO Premium plugin. -->","yoast_head_json":{"title":"Gasell &#8211; Weekdone","robots":{"index":"index","follow":"follow","max-snippet":"max-snippet:-1","max-image-preview":"max-image-preview:large","max-video-preview":"max-video-preview:-1"},"canonical":"https:\/\/static.weekdone.com\/home\/et\/gasell","og_locale":"et_EE","og_type":"article","og_title":"Gasell","og_description":"2022 \u2728 me oleme teist aastat j\u00e4rjest Gasell! \ud83d\ude80 Gaselliliikumine Eesti gaselliliikumine t\u00e4histab 2021. aastal 21. s\u00fcnnip\u00e4eva \u2013 t\u00e4pselt nii kaua on \u00c4rip\u00e4ev koostanud Gaselli TOPi, korraldanud Gaselli Kongressi ja kirjutanud gasellfirmade k\u00e4ek\u00e4igust. Gasell on kiiresti kasvanud ettev\u00f5te, kes on kasvatanud viimase kolme aasta jooksul k\u00e4ivet ja kasumit v\u00e4hemalt 50%. Gaselliliikumine v\u00e4\u00e4rtustab kiiresti kasvavaid ettev\u00f5tteid [&hellip;]","og_url":"https:\/\/static.weekdone.com\/home\/et\/gasell","og_site_name":"Weekdone","article_publisher":"https:\/\/www.facebook.com\/weekdone","article_modified_time":"2021-11-11T15:23:03+00:00","og_image":[{"url":"https:\/\/static.weekdone.com\/wp-content\/uploads\/gasell_2022-722x1024.png","type":"","width":"","height":""}],"twitter_card":"summary_large_image","twitter_site":"@weekdone","twitter_misc":{"Est. reading time":"1 minut"},"schema":{"@context":"https:\/\/schema.org","@graph":[{"@type":"WebPage","@id":"https:\/\/static.weekdone.com\/home\/et\/gasell","url":"https:\/\/static.weekdone.com\/home\/et\/gasell","name":"Gasell &#8211; Weekdone","isPartOf":{"@id":"https:\/\/static.weekdone.com\/home\/et#website"},"primaryImageOfPage":{"@id":"https:\/\/static.weekdone.com\/home\/et\/gasell#primaryimage"},"image":{"@id":"https:\/\/static.weekdone.com\/home\/et\/gasell#primaryimage"},"thumbnailUrl":"https:\/\/static.weekdone.com\/wp-content\/uploads\/gasell_2022-722x1024.png","datePublished":"2021-01-09T08:03:46+00:00","dateModified":"2021-11-11T15:23:03+00:00","breadcrumb":{"@id":"https:\/\/static.weekdone.com\/home\/et\/gasell#breadcrumb"},"inLanguage":"et","potentialAction":[{"@type":"ReadAction","target":["https:\/\/static.weekdone.com\/home\/et\/gasell"]}]},{"@type":"ImageObject","inLanguage":"et","@id":"https:\/\/static.weekdone.com\/home\/et\/gasell#primaryimage","url":"https:\/\/static.weekdone.com\/wp-content\/uploads\/gasell_2022-722x1024.png","contentUrl":"https:\/\/static.weekdone.com\/wp-content\/uploads\/gasell_2022-722x1024.png"},{"@type":"BreadcrumbList","@id":"https:\/\/static.weekdone.com\/home\/et\/gasell#breadcrumb","itemListElement":[{"@type":"ListItem","position":1,"name":"Home","item":"https:\/\/static.weekdone.com\/home\/et"},{"@type":"ListItem","position":2,"name":"Gasell"}]},{"@type":"WebSite","@id":"https:\/\/static.weekdone.com\/home\/et#website","url":"https:\/\/static.weekdone.com\/home\/et","name":"Weekdone","description":"OKR Software for Goal Tracking and Status Reporting","publisher":{"@id":"https:\/\/static.weekdone.com\/home\/et#organization"},"potentialAction":[{"@type":"SearchAction","target":{"@type":"EntryPoint","urlTemplate":"https:\/\/static.weekdone.com\/home\/et?s={search_term_string}"},"query-input":{"@type":"PropertyValueSpecification","valueRequired":true,"valueName":"search_term_string"}}],"inLanguage":"et"},{"@type":"Organization","@id":"https:\/\/static.weekdone.com\/home\/et#organization","name":"Weekdone","url":"https:\/\/static.weekdone.com\/home\/et","logo":{"@type":"ImageObject","inLanguage":"et","@id":"https:\/\/static.weekdone.com\/home\/et#\/schema\/logo\/image\/","url":"https:\/\/static.weekdone.com\/wp-content\/uploads\/2020\/10\/weekdone-logo-square-1-1.png","contentUrl":"https:\/\/static.weekdone.com\/wp-content\/uploads\/2020\/10\/weekdone-logo-square-1-1.png","width":1024,"height":1024,"caption":"Weekdone"},"image":{"@id":"https:\/\/static.weekdone.com\/home\/et#\/schema\/logo\/image\/"},"sameAs":["https:\/\/www.facebook.com\/weekdone","https:\/\/x.com\/weekdone"]}]}},"_links":{"self":[{"href":"https:\/\/static.weekdone.com\/home\/et\/wp-json\/wp\/v2\/pages\/19353","targetHints":{"allow":["GET"]}}],"collection":[{"href":"https:\/\/static.weekdone.com\/home\/et\/wp-json\/wp\/v2\/pages"}],"about":[{"href":"https:\/\/static.weekdone.com\/home\/et\/wp-json\/wp\/v2\/types\/page"}],"author":[{"embeddable":true,"href":"https:\/\/static.weekdone.com\/home\/et\/wp-json\/wp\/v2\/users\/2"}],"replies":[{"embeddable":true,"href":"https:\/\/static.weekdone.com\/home\/et\/wp-json\/wp\/v2\/comments?post=19353"}],"version-history":[{"count":15,"href":"https:\/\/static.weekdone.com\/home\/et\/wp-json\/wp\/v2\/pages\/19353\/revisions"}],"predecessor-version":[{"id":25092,"href":"https:\/\/static.weekdone.com\/home\/et\/wp-json\/wp\/v2\/pages\/19353\/revisions\/25092"}],"wp:attachment":[{"href":"https:\/\/static.weekdone.com\/home\/et\/wp-json\/wp\/v2\/media?parent=19353"}],"curies":[{"name":"wp","href":"https:\/\/api.w.org\/{rel}","templated":true}]}}